{"id":103,"date":"2021-12-23T21:52:10","date_gmt":"2021-12-23T21:52:10","guid":{"rendered":"https:\/\/bujinkanibiza.es\/wordpress\/?page_id=103"},"modified":"2022-01-17T18:30:48","modified_gmt":"2022-01-17T18:30:48","slug":"cinturon-negro","status":"publish","type":"page","link":"https:\/\/bujinkanibiza.es\/?page_id=103","title":{"rendered":"CINTUR\u00d3N NEGRO"},"content":{"rendered":"<p>[et_pb_section fb_built=\u00bb1&#8243; fullwidth=\u00bbon\u00bb _builder_version=\u00bb4.14.3&#8243; background_color=\u00bb#871800&#8243; use_background_color_gradient=\u00bbon\u00bb background_color_gradient_start=\u00bb#e02b20&#8243; background_color_gradient_end=\u00bb#e09900&#8243; background_color_gradient_direction=\u00bb330deg\u00bb global_colors_info=\u00bb{}\u00bb][et_pb_fullwidth_header title=\u00bbCINTURON NEGRO NIDAN\u00bb text_orientation=\u00bbcenter\u00bb _builder_version=\u00bb4.14.3&#8243; title_font=\u00bb||||||||\u00bb use_background_color_gradient=\u00bbon\u00bb hover_enabled=\u00bb0&#8243; global_colors_info=\u00bb{}\u00bb button_one_text_size__hover_enabled=\u00bboff\u00bb button_two_text_size__hover_enabled=\u00bboff\u00bb button_one_text_color__hover_enabled=\u00bboff\u00bb button_two_text_color__hover_enabled=\u00bboff\u00bb button_one_border_width__hover_enabled=\u00bboff\u00bb button_two_border_width__hover_enabled=\u00bboff\u00bb button_one_border_color__hover_enabled=\u00bboff\u00bb button_two_border_color__hover_enabled=\u00bboff\u00bb button_one_border_radius__hover_enabled=\u00bboff\u00bb button_two_border_radius__hover_enabled=\u00bboff\u00bb button_one_letter_spacing__hover_enabled=\u00bboff\u00bb button_two_letter_spacing__hover_enabled=\u00bboff\u00bb button_one_bg_color__hover_enabled=\u00bboff\u00bb button_two_bg_color__hover_enabled=\u00bboff\u00bb background_color_gradient_start=\u00bb#000000&#8243; background_color_gradient_end=\u00bb#000000&#8243; sticky_enabled=\u00bb0&#8243;][\/et_pb_fullwidth_header][\/et_pb_section][et_pb_section fb_built=\u00bb1&#8243; _builder_version=\u00bb3.22&#8243; custom_margin=\u00bb-38px|||||\u00bb global_colors_info=\u00bb{}\u00bb][et_pb_row _builder_version=\u00bb4.14.3&#8243; _module_preset=\u00bbdefault\u00bb global_colors_info=\u00bb{}\u00bb][et_pb_column type=\u00bb4_4&#8243; _builder_version=\u00bb4.14.3&#8243; _module_preset=\u00bbdefault\u00bb global_colors_info=\u00bb{}\u00bb][et_pb_text _builder_version=\u00bb4.14.3&#8243; _module_preset=\u00bbdefault\u00bb hover_enabled=\u00bb0&#8243; box_shadow_style=\u00bbpreset1&#8243; global_colors_info=\u00bb{}\u00bb sticky_enabled=\u00bb0&#8243;]<\/p>\n<p class=\"p1\"><span class=\"s1\"><b><i>CINTUR\u00d3N NEGRO<\/i><\/b><\/span><\/p>\n<p class=\"p2\"><span class=\"s1\"><b><i><\/i><\/b><\/span><\/p>\n<p class=\"p1\"><span class=\"s1\"><b><i>NIDAN<\/i><\/b><\/span><\/p>\n<p class=\"p3\">\n<p class=\"p3\">\n<p class=\"p4\">1\u00ba KOT\u00d3 RY\u00dc KOPP\u00d3JUTSU<\/p>\n<p class=\"p3\">\n<p class=\"p4\">Yokuto:<\/p>\n<p class=\"p4\">Uke agarra la solapa de tori con la mano derecha.<\/p>\n<p class=\"p4\">Tori hace una patada con la pierna derecha tipo sanshin a los genitales de uke, al mismo tiempo golpea con un boshi ken derecho al lateral del cuello.<\/p>\n<p class=\"p4\">Tori, entonces, da un paso con la pierna izquierda y hace katate happa ken a asagasumi.<\/p>\n<p class=\"p3\">\n<p class=\"p4\">Keto:<\/p>\n<p class=\"p4\">Uke agarra las solapas de de tori con ambas manos.<\/p>\n<p class=\"p4\">Tori golpea los dorsos de las manos con un shikan ken descendente, y entonces, patea con la pierna derecha Gorin.<\/p>\n<p class=\"p3\">\n<p class=\"p4\">2\u00ba GYOKKO RYU KOSSHIJUTSU<\/p>\n<p class=\"p3\">\n<p class=\"p4\">Koku:<\/p>\n<p class=\"p4\">Uke y Tori est\u00e1n en lchimonji no kamae.<\/p>\n<p class=\"p4\">Uke golpea con ataque de pu\u00f1o.<\/p>\n<p class=\"p4\">Tori da un paso atr\u00e1s y aplica Jodan Uke, entonces, hace Ken Kudaki.<\/p>\n<p class=\"p4\">Uke sigue con una patada derecha.<\/p>\n<p class=\"p4\">Tori da un paso al exterior a la izquierda y hace Keri Kaeshi derecho. Cuando uke gira a la izquierda, tori da un paso hacia dentro con la pierna izquierda y hace Shito Ken a Butsumetsu.<\/p>\n<p class=\"p3\">\n<p class=\"p4\">Renyo:<\/p>\n<p class=\"p4\">Uke y Tori est\u00e1n en lchimonji no Kamae.<\/p>\n<p class=\"p4\">Uke golpea con un ataque de pu\u00f1o.<\/p>\n<p class=\"p4\">Tori da un paso atr\u00e1s y aplica Jodan Uke, seguido de Ken Kudaki.<\/p>\n<p class=\"p4\">Uke lanza una patada derecha a Suigetsu.<\/p>\n<p class=\"p4\">Tori responde con un keri kaeshi.<\/p>\n<p class=\"p4\">Uke gira alrededor despu\u00e9s de la patada y agarra la solapa con la mano derecha.<\/p>\n<p class=\"p4\">Tori da un paso atr\u00e1s con la pierna izquierda, tomando la mano de uke en ura Gyaku con la mano derecha y aplica Ura Gyaku golpeando con un Ura Shuto derecho a Uko.<\/p>\n<p class=\"p4\">Tori patea arriba (a la zona media) con la pierna derecha. Cuando la pierna vuelve al suelo aplica Omote Gyaku y proyecta al adversario.<\/p>\n<p class=\"p3\">\n<p class=\"p4\">3. TAKAGI Y\u00d3SHIN RY\u00dc J\u00dcTAIJUTSU<\/p>\n<p class=\"p3\">\n<p class=\"p4\">Kasumi dori:<\/p>\n<p class=\"p4\">Uke y Tori est\u00e1n en Seiza.<\/p>\n<p class=\"p4\">Uke da un paso con la pierna derecha y agarra el cuello de la chaqueta con la mano derecha.<\/p>\n<p class=\"p4\">Tori va arriba con la pierna derecha y golpea un Ura Shuto derecho a Kasumi. La mano derecha de tori vuelve atr\u00e1s y agarra la mano de uke en Ura Gyaku y al mismo tiempo se levanta. Despu\u00e9s de cambiar de Ura Gyaku a Hon Gyaku aplica una patada a Butsumetsu. Desde esa posici\u00f3n Tori va abajo sobre su rodilla derecha llevando a Uke abajo con O-gyaku.<\/p>\n<p class=\"p3\">\n<p class=\"p4\">Do gaeshi:<\/p>\n<p class=\"p4\">Uke y Tori est\u00e1n en seiza.<\/p>\n<p class=\"p4\">Uke adelanta la pierna derecha y hace un ataque de pu\u00f1o derecho.<\/p>\n<p class=\"p4\">Tori va sobre su pierna izquierda y bloquea chudan uke; toma la mu\u00f1eca.<\/p>\n<p class=\"p4\">Tori, entonces, da un paso hacia adelante con la pierna izquierda, por lo que su rodilla presiona sobre la rodilla derecha de uke. La mano izquierda, va sobre el brazo derecho de uke, y agarra la solapa ejecutando una estrangulaci\u00f3n. Lleva a Uke sobre su espalda y seguidamente usando la rodilla para hacer palanca lleva a uke boca abajo.<\/p>\n<p class=\"p3\">\n<p class=\"p4\">4. SHINDEN FUD\u00d3 RY\u00dc DAKENTAIJUTSU<\/p>\n<p class=\"p3\">\n<p class=\"p4\">Tai nagashi:<\/p>\n<p class=\"p4\">Uke y Tori est\u00e1n en Shizen no kamae, uno frente al otro.<\/p>\n<p class=\"p4\">Uke agarra la solapa con la mano izquierda.<\/p>\n<p class=\"p4\">Tori hace un kakushi keri derecho a la tibia derecha de uke.<\/p>\n<p class=\"p4\">Uke aplica un ataque de pu\u00f1o derecho<\/p>\n<p class=\"p4\">Tori toma el control de la mano que le est\u00e1 agarrando, paso a la derecha y aplica un bloqueo izquierdo. Entonces, tori golpea con un boshi ken izquierdo a butsumetsu derecho, agarrando el mismo lado.<\/p>\n<p class=\"p4\">Tori pivotea la izquierda, por lo que se queda situado al lado del lado izquierdo del oponente. Tori se deja caer sobre la rodilla izquierda tirando a uke con \u00e9l.<\/p>\n<p class=\"p4\">Uke cae sobre su espalda.<\/p>\n<p class=\"p3\">\n<p class=\"p4\">Ken nagashi:<\/p>\n<p class=\"p4\">Uke agarra la solapa y realiza un ataque de pu\u00f1o derecho a la cara.<\/p>\n<p class=\"p4\">Tori responde cubriendo la mano que agarra y dando un paso al exterior a la derecha aplicando jodan uke.<\/p>\n<p class=\"p4\">Tori intenta aplica un Ganseki Nage sobre el brazo izquierdo de uke pero \u00e9ste resiste.<\/p>\n<p class=\"p4\">Tori entonces, inmediatamente pivotea atr\u00e1s sobre la derecha y coloca ambas manos sobre el codo de uke. Tori se deja caer atr\u00e1s tirando del codo de uke y llev\u00e1ndolo boca abajo.<\/p>\n<p class=\"p3\">\n<p class=\"p4\">5. KUKISHINDEN RYU<\/p>\n<p class=\"p4\">Todos los ataques vienen desde seigan no Kamae y las defensas comienzan desde Hira no Kamae o Kosei no Kamae.<\/p>\n<p class=\"p3\">\n<p class=\"p4\">Seion:<\/p>\n<p class=\"p4\">Uke agarra al defensor en Kumi uchi. La mano izquierda agarra la mano derecha del adversario y presiona dentro de Seitaku o Nagare<\/p>\n<p class=\"p4\">Tori presiona con el dedo pulgar en uko, da un paso al exterior y desliza atr\u00e1s la pierna derecha (osoto gari) presiona a\u00fan m\u00e1s con el dedo pulgar en el cuello cuando el atacante est\u00e1 en el suelo.<\/p>\n<p class=\"p3\">\n<p class=\"p4\">Suiyoku:<\/p>\n<p class=\"p4\">Uke realiza un ataque de pu\u00f1o derecho.<\/p>\n<p class=\"p4\">Tori se mueve atr\u00e1s y realiza Jodan uke<\/p>\n<p class=\"p4\">Uke realiza un ataque de pu\u00f1o izquierdo<\/p>\n<p class=\"p4\">Tori se mueve atr\u00e1s y realiza Jodan uke agarrando la mu\u00f1eca despu\u00e9s del bloqueo<\/p>\n<p class=\"p4\">Uke hace migi keri.<\/p>\n<p class=\"p4\">Tori realiza gedan uke y seguidamente aplica Boshi Ken izquierdo a Kirigasumi, paso hacia delante y patada al tobillo. Levanta la pierna y rodilla hacia atr\u00e1s y Uzumaki (estilo uchi mata).<\/p>\n<p>[\/et_pb_text][\/et_pb_column][\/et_pb_row][\/et_pb_section][et_pb_section fb_built=\u00bb1&#8243; fullwidth=\u00bbon\u00bb _builder_version=\u00bb4.14.3&#8243; _module_preset=\u00bbdefault\u00bb global_colors_info=\u00bb{}\u00bb][\/et_pb_section]<\/p>\n","protected":false},"excerpt":{"rendered":"<p>CINTUR\u00d3N NEGRO NIDAN 1\u00ba KOT\u00d3 RY\u00dc KOPP\u00d3JUTSU Yokuto: Uke agarra la solapa de tori con la mano derecha. Tori hace una patada con la pierna derecha tipo sanshin a los genitales de uke, al mismo tiempo golpea con un boshi ken derecho al lateral del cuello. Tori, entonces, da un paso con la pierna izquierda [&hellip;]<\/p>\n","protected":false},"author":2,"featured_media":0,"parent":0,"menu_order":0,"comment_status":"closed","ping_status":"closed","template":"","meta":{"_et_pb_use_builder":"on","_et_pb_old_content":"","_et_gb_content_width":"","footnotes":""},"class_list":["post-103","page","type-page","status-publish","hentry"],"_links":{"self":[{"href":"https:\/\/bujinkanibiza.es\/index.php?rest_route=\/wp\/v2\/pages\/103","targetHints":{"allow":["GET"]}}],"collection":[{"href":"https:\/\/bujinkanibiza.es\/index.php?rest_route=\/wp\/v2\/pages"}],"about":[{"href":"https:\/\/bujinkanibiza.es\/index.php?rest_route=\/wp\/v2\/types\/page"}],"author":[{"embeddable":true,"href":"https:\/\/bujinkanibiza.es\/index.php?rest_route=\/wp\/v2\/users\/2"}],"replies":[{"embeddable":true,"href":"https:\/\/bujinkanibiza.es\/index.php?rest_route=%2Fwp%2Fv2%2Fcomments&post=103"}],"version-history":[{"count":6,"href":"https:\/\/bujinkanibiza.es\/index.php?rest_route=\/wp\/v2\/pages\/103\/revisions"}],"predecessor-version":[{"id":454,"href":"https:\/\/bujinkanibiza.es\/index.php?rest_route=\/wp\/v2\/pages\/103\/revisions\/454"}],"wp:attachment":[{"href":"https:\/\/bujinkanibiza.es\/index.php?rest_route=%2Fwp%2Fv2%2Fmedia&parent=103"}],"curies":[{"name":"wp","href":"https:\/\/api.w.org\/{rel}","templated":true}]}}