{"id":14,"date":"2021-12-23T08:35:14","date_gmt":"2021-12-23T08:35:14","guid":{"rendered":"https:\/\/bujinkanibiza.es\/wordpress\/?page_id=14"},"modified":"2023-12-30T12:50:43","modified_gmt":"2023-12-30T12:50:43","slug":"pablo-munoz","status":"publish","type":"page","link":"https:\/\/bujinkanibiza.es\/?page_id=14","title":{"rendered":"Pablo Mu\u00f1oz"},"content":{"rendered":"<p>[et_pb_section fb_built=\u00bb1&#8243; make_equal=\u00bbon\u00bb specialty=\u00bbon\u00bb background_color_1=\u00bb#101010&#8243; background_color_2=\u00bb#101010&#8243; padding_top_bottom_link_1=\u00bbtrue\u00bb padding_top_bottom_link_2=\u00bbfalse\u00bb padding_left_right_link_1=\u00bbtrue\u00bb padding_left_right_link_2=\u00bbtrue\u00bb padding_top_1=\u00bb2rem\u00bb padding_right_1=\u00bb4rem\u00bb padding_right_2=\u00bb4rem\u00bb padding_bottom_1=\u00bb2rem\u00bb padding_left_1=\u00bb4rem\u00bb padding_left_2=\u00bb4rem\u00bb padding_1_tablet=\u00bb40px||0px|\u00bb padding_2_tablet=\u00bb\u00bb padding_1_phone=\u00bb\u00bb padding_2_phone=\u00bb10px|0px||0px|false|true\u00bb padding_1_last_edited=\u00bbon|desktop\u00bb padding_2_last_edited=\u00bbon|phone\u00bb admin_label=\u00bbHeader\u00bb module_class=\u00bbfull-size-container\u00bb _builder_version=\u00bb4.14.3&#8243; background_color=\u00bb#101010&#8243; background_color_gradient_start=\u00bb#000000&#8243; background_color_gradient_end=\u00bb#e09900&#8243; inner_width=\u00bb85%\u00bb inner_width_tablet=\u00bb85%\u00bb inner_width_phone=\u00bb100%\u00bb inner_width_last_edited=\u00bbon|phone\u00bb inner_max_width=\u00bb100%\u00bb inner_module_alignment=\u00bbcenter\u00bb custom_margin=\u00bb||0px||false|false\u00bb custom_margin_tablet=\u00bb||0px\u00bb custom_margin_phone=\u00bb|auto|||false|false\u00bb custom_margin_last_edited=\u00bbon|desktop\u00bb custom_padding=\u00bb0px||0px||true|false\u00bb locked=\u00bboff\u00bb global_colors_info=\u00bb{}\u00bb][et_pb_column type=\u00bb1_2&#8243; _builder_version=\u00bb3.25&#8243; custom_padding=\u00bb|||\u00bb global_colors_info=\u00bb{}\u00bb custom_padding__hover=\u00bb|||\u00bb][et_pb_text _builder_version=\u00bb4.14.3&#8243; text_font=\u00bbMontserrat||||||||\u00bb text_font_size=\u00bb16px\u00bb text_letter_spacing=\u00bb3px\u00bb header_font=\u00bbKarla|700|||||||\u00bb header_font_size=\u00bb10vw\u00bb header_letter_spacing=\u00bb-3px\u00bb header_line_height=\u00bb0.9em\u00bb header_2_font=\u00bbMontserrat|||on|||||\u00bb header_2_font_size=\u00bb24px\u00bb header_2_letter_spacing=\u00bb2px\u00bb header_2_line_height=\u00bb1.8em\u00bb background_layout=\u00bbdark\u00bb custom_margin=\u00bb1rem||1rem||true|false\u00bb custom_padding=\u00bb0px||0px||false|false\u00bb header_2_font_size_tablet=\u00bb14px\u00bb header_2_font_size_phone=\u00bb\u00bb header_2_font_size_last_edited=\u00bbon|tablet\u00bb global_colors_info=\u00bb{}\u00bb]<\/p>\n<h1 style=\"font-size: 4.5rem !important;\">Pablo Mu\u00f1oz<\/h1>\n<p>[\/et_pb_text][et_pb_text _builder_version=\u00bb4.14.3&#8243; _module_preset=\u00bbdefault\u00bb text_text_color=\u00bb#c0c0c0&#8243; hover_enabled=\u00bb0&#8243; global_colors_info=\u00bb{}\u00bb sticky_enabled=\u00bb0&#8243;]<\/p>\n<p>Pablo Mu\u00f1oz Garc\u00eda se mud\u00f3 a Ibiza con sus padres por motivos de trabajo cuando tenia 15 a\u00f1os y empez\u00f3 a practicar dos estilos diferentes de Kung-fu, el primero era m\u00e1s t\u00e9cnico, de competir con pu\u00f1os y piernas y el segundo se llamaba Cho Lee Fut, m\u00e1s de formas o katas. Realizo varios torneos, en los que consigui\u00f3 hacer varios K.O. t\u00e9cnicos, pero no le llenaba, despu\u00e9s de cuatro a\u00f1os, se dio cuenta de que eso no era con lo que siempre hab\u00eda so\u00f1ado en las artes marciales, buscaba la figura de un maestro que le inculcara su sabidur\u00eda como budoka, no demostrar el poder que pueden tener las artes marciales para ver quien es el m\u00e1s fuerte.<\/p>\n<p>Dej\u00f3 de practicar Kung-fu antes de ir al servicio militar, y cuando termin\u00f3 estuvo buscando un arte marcial sin competici\u00f3n y encontr\u00f3 algo nuevo llamado Ninjutsu que ense\u00f1aba un profesor de Karate, quien le introdujo en el maravilloso y novedoso mundo de los ninjas.<\/p>\n<p>Pablo Mu\u00f1oz se siente una persona privilegiada al poder tener como maestro y amigo a Pedro Fleitas, cuando entrena con el siente esa energ\u00eda que le transmite un gran maestro y una gran persona, este le ense\u00f1a que aprender solamente t\u00e9cnicas no es importante, sino entender lo que buscamos, en que momento y cuando fluir con ellas, para que estas sean efectivas. Por ello el inculca a sus alumnos que lo importante es entrenar, que se muevan, que no piensen en t\u00e9cnicas, que fluyan con los movimientos, que las t\u00e9cnicas saldr\u00e1n por si solas, con sentimiento y pr\u00e1ctica.<\/p>\n<p>Pedro Fleitas le entrego a Pablo Mu\u00f1oz una placa como miembro de honor de la bujinkan, por su trayectoria en la artes marciales Bujinkan-Budotaijutsu, en Telde (Gran Canarias) el d\u00eda 14 abril del 2005 y el nombre de guerrero KAIGANRYU (drag\u00f3n de la mente clara). Adem\u00e1s, Pablo acaba siendo uno de los miembros de los Goshin Unryu (dragones de la escuela del maestro Pedro Fleitas) para preservar la ense\u00f1anzas del Soke Massaaki Hatsumi.<\/p>\n<p>En su trayectoria marcial destacan entre otras las siguientes titulaciones:<\/p>\n<ul>\n<ul>\n<ul style=\"margin-top: 10px;\">\n<li><strong>DIRECTOR T\u00c9CNICO DE BALEARES, SHIHAN (Jugodan), BUJINKAN BUDO-TAIJUTSU<\/strong> (titulado en Jap\u00f3n por el gran maestro Massaaki Hatsumi) de las siguientes 9 escuelas tradicionales.<\/li>\n<\/ul>\n<ul style=\"margin-top: 10px;\">\n<ul>\n<li>Togakure ryu ninjutsu<\/li>\n<li>Komogakure ryu ninjutsu<\/li>\n<li>Gyokushin ryu ninjutsu<\/li>\n<li>Gyokko ryu kosshijutsu<\/li>\n<li>Koto ryu koppojutsu<\/li>\n<li>Kukishiden ryu happo hikenjutsu<\/li>\n<li>Takagi yoshin ryu jutaijutsu<\/li>\n<li>Gikan ryu koppojutsu\n<p>&nbsp;<\/p>\n<p>Pablo Mu\u00f1oz ha sido el primero y \u00fanico de su modalidad en impartir una clase a polic\u00edas de todas las comunidades de Espa\u00f1a y de los diferente cuerpos policiales en el Consejo Superior de Deportes en Madrid, ense\u00f1ando la aplicaciones de la modalidad Bujinkan Budo-Taijutsu al trabajo policial.<\/p>\n<p>Adem\u00e1s tambi\u00e9n ha sido el primero en realizar el 1\u00ba curso de profesorado (monitores y entrenadores nacionales) y ex\u00e1menes de grado (cintur\u00f3n negro) para los practicantes de Bujinkan Budo-Taijutsu en el Consejo Superior de Deportes en Madrid.<\/p>\n<\/li>\n<\/ul>\n<\/ul>\n<\/ul>\n<\/ul>\n<ul>\n<ul>\n<li><strong>IMPULSOR, CREADOR Y REPRESENTANTE a nivel nacional de la modalidad SDP Bujinkan<\/strong>, nombrado por el presidente de la Federaci\u00f3n de Luchas Ol\u00edmpicasy DA, Don \u00c1ngel L\u00f3pez Rojo, en el a\u00f1o 2006.<\/li>\n<li><strong>MAESTRO NACIONAL DE ENTRENADORES SDP BUJINKAN<\/strong>, Federaci\u00f3n Espa\u00f1ola de Luchas Ol\u00edmpicas y D.A.<\/li>\n<li><strong>MAESTRO NACIONAL DE ENTRENADORES DE S.DEFENSA PERSONAL<\/strong>, Federaci\u00f3n Espa\u00f1ola de Luchas Ol\u00edmpicas y D.A.<\/li>\n<li><strong>ENTRENADOR NACIONAL SUPERIOR DE DEFENSA PERSONAL POLICIAL<\/strong>, Federaci\u00f3n Espa\u00f1ola de Luchas Ol\u00edmpicas y D.A.<\/li>\n<li><strong>MONITOR NACIONAL DE DEFENSA PERSONAL POLICIAL EN COMBATE CUERPO A CUERPO<\/strong>, (registro federativo n\u00ba 2011\/06), Federaci\u00f3n Espa\u00f1ola de Luchas Ol\u00edmpicas y D.A.<\/li>\n<li><strong>MONITOR DE BAST\u00d3N POLICIAL<\/strong>, Federaci\u00f3n Balear de Lluita Ol\u00edmpicas y DA.<\/li>\n<li><strong>INSTRUCTOR SEGUNDO NIVEL, 3\u00ba DAN DE BUDO-DEFENSA PERSONAL<\/strong> (registro federativo n\u00ba 42), Federaci\u00f3n Espa\u00f1ola de Kickboxing.<\/li>\n<li><strong>OFICIAL DE EVENTOS DEPORTIVOS<\/strong> (registro federativo n\u00ba 2030\/07), Federaci\u00f3n Espa\u00f1ola de Luchas Ol\u00edmpicas y D.A.<\/li>\n<li><strong>CINTUR\u00d3N MARR\u00d3N DE JUDO EN DEFENSA PERSONAL<\/strong>, Federaci\u00f3n Espa\u00f1ola de Judo y D.A.<\/li>\n<li><strong>ACREDITADO POR LA DIVISI\u00d3N DE FORMACI\u00d3N Y PERFECCIONAMIENTO DE LA DIRECCI\u00d3N GENERAL DE LA POLIC\u00cdA NACIONAL<\/strong> para impartir clases en los centros de formaci\u00f3n, y adiestramiento de personal de seguridad privada en DEFENSA PERSONAL (registro n\u00ba 5955).<\/li>\n<\/ul>\n<\/ul>\n<p>[\/et_pb_text][\/et_pb_column][et_pb_column type=\u00bb1_2&#8243; specialty_columns=\u00bb2&#8243; _builder_version=\u00bb3.25&#8243; custom_padding=\u00bb|||\u00bb global_colors_info=\u00bb{}\u00bb custom_padding__hover=\u00bb|||\u00bb][et_pb_row_inner _builder_version=\u00bb4.14.3&#8243; _module_preset=\u00bbdefault\u00bb width=\u00bb350px\u00bb global_colors_info=\u00bb{}\u00bb][et_pb_column_inner saved_specialty_column_type=\u00bb1_2&#8243; _builder_version=\u00bb4.14.3&#8243; _module_preset=\u00bbdefault\u00bb global_colors_info=\u00bb{}\u00bb][et_pb_image src=\u00bbhttps:\/\/bujinkanibiza.es\/wp-content\/uploads\/2021\/12\/img_Y3HBc6qXSV.jpg\u00bb title_text=\u00bbimg_Y3HBc6qXSV\u00bb _builder_version=\u00bb4.14.3&#8243; _module_preset=\u00bbdefault\u00bb custom_margin=\u00bb0px||||false|false\u00bb global_colors_info=\u00bb{}\u00bb][\/et_pb_image][et_pb_image src=\u00bbhttps:\/\/bujinkanibiza.es\/wp-content\/uploads\/2021\/12\/img_V7byZiWQFD.jpg\u00bb title_text=\u00bbimg_V7byZiWQFD\u00bb _builder_version=\u00bb4.14.3&#8243; _module_preset=\u00bbdefault\u00bb global_colors_info=\u00bb{}\u00bb][\/et_pb_image][et_pb_image src=\u00bbhttps:\/\/bujinkanibiza.es\/wp-content\/uploads\/2021\/12\/img_L9rWdVVovy-scaled.jpg\u00bb title_text=\u00bbimg_L9rWdVVovy\u00bb _builder_version=\u00bb4.14.3&#8243; _module_preset=\u00bbdefault\u00bb global_colors_info=\u00bb{}\u00bb][\/et_pb_image][\/et_pb_column_inner][\/et_pb_row_inner][\/et_pb_column][\/et_pb_section]<\/p>\n","protected":false},"excerpt":{"rendered":"<p>Pablo Mu\u00f1ozPablo Mu\u00f1oz Garc\u00eda se mud\u00f3 a Ibiza con sus padres por motivos de trabajo cuando tenia 15 a\u00f1os y empez\u00f3 a practicar dos estilos diferentes de Kung-fu, el primero era m\u00e1s t\u00e9cnico, de competir con pu\u00f1os y piernas y el segundo se llamaba Cho Lee Fut, m\u00e1s de formas o katas. Realizo varios torneos, [&hellip;]<\/p>\n","protected":false},"author":2,"featured_media":0,"parent":0,"menu_order":0,"comment_status":"closed","ping_status":"closed","template":"","meta":{"_et_pb_use_builder":"on","_et_pb_old_content":"","_et_gb_content_width":"","footnotes":""},"class_list":["post-14","page","type-page","status-publish","hentry"],"_links":{"self":[{"href":"https:\/\/bujinkanibiza.es\/index.php?rest_route=\/wp\/v2\/pages\/14","targetHints":{"allow":["GET"]}}],"collection":[{"href":"https:\/\/bujinkanibiza.es\/index.php?rest_route=\/wp\/v2\/pages"}],"about":[{"href":"https:\/\/bujinkanibiza.es\/index.php?rest_route=\/wp\/v2\/types\/page"}],"author":[{"embeddable":true,"href":"https:\/\/bujinkanibiza.es\/index.php?rest_route=\/wp\/v2\/users\/2"}],"replies":[{"embeddable":true,"href":"https:\/\/bujinkanibiza.es\/index.php?rest_route=%2Fwp%2Fv2%2Fcomments&post=14"}],"version-history":[{"count":28,"href":"https:\/\/bujinkanibiza.es\/index.php?rest_route=\/wp\/v2\/pages\/14\/revisions"}],"predecessor-version":[{"id":710,"href":"https:\/\/bujinkanibiza.es\/index.php?rest_route=\/wp\/v2\/pages\/14\/revisions\/710"}],"wp:attachment":[{"href":"https:\/\/bujinkanibiza.es\/index.php?rest_route=%2Fwp%2Fv2%2Fmedia&parent=14"}],"curies":[{"name":"wp","href":"https:\/\/api.w.org\/{rel}","templated":true}]}}