{"id":16,"date":"2021-12-23T08:35:14","date_gmt":"2021-12-23T08:35:14","guid":{"rendered":"https:\/\/bujinkanibiza.es\/wordpress\/?page_id=16"},"modified":"2023-04-22T16:31:20","modified_gmt":"2023-04-22T16:31:20","slug":"armas","status":"publish","type":"page","link":"https:\/\/bujinkanibiza.es\/?page_id=16","title":{"rendered":"Armas"},"content":{"rendered":"<p>[et_pb_section fb_built=\u00bb1&#8243; _builder_version=\u00bb4.14.3&#8243; _module_preset=\u00bbdefault\u00bb global_colors_info=\u00bb{}\u00bb][et_pb_row column_structure=\u00bb1_2,1_2&#8243; _builder_version=\u00bb4.14.3&#8243; _module_preset=\u00bbdefault\u00bb global_colors_info=\u00bb{}\u00bb][et_pb_column type=\u00bb1_2&#8243; _builder_version=\u00bb4.14.3&#8243; _module_preset=\u00bbdefault\u00bb global_colors_info=\u00bb{}\u00bb][et_pb_blurb title=\u00bbNinja Ken\u00bb image=\u00bbhttps:\/\/bujinkanibiza.es\/wp-content\/uploads\/2022\/01\/10-Katana-Ninja-e1642441010688.jpeg\u00bb _builder_version=\u00bb4.14.3&#8243; _module_preset=\u00bbdefault\u00bb hover_enabled=\u00bb0&#8243; box_shadow_style_image=\u00bbpreset1&#8243; global_colors_info=\u00bb{}\u00bb title_text=\u00bb10 Katana Ninja\u00bb sticky_enabled=\u00bb0&#8243;]<\/p>\n<div>El ninja ken (tambi\u00e9n llamado \u201cshinobi katana\u201d o ninja to) presentaba las siguientes caracter\u00edsticas:<\/div>\n<div>&#8211; Ten\u00eda la hoja de color negruzco<\/div>\n<div>&#8211; Su tama\u00f1o era m\u00e1s corto de lo habitual de unos 50 cent\u00edmetros de largo, esta era usada para combatir a un enemigo dada su gran versatilidad, dado que se pod\u00eda usar en todo tipo de espacios y lugares. Pero hay otros usos para ella.<\/div>\n<div>&#8211; La Saya (vaina) es mas larga que la hoja, lo que enga\u00f1aba al enemigo pensando en la distancia de la misma y era mas f\u00e1cil desenvainar con una katana de medida m\u00e1s corta, tambi\u00e9n pod\u00eda ser usada para esconder el metsubushi (polvos cegadores), y como mizu tsutsu (tubo de agua) ya que se pod\u00eda quitar el extremo.<\/div>\n<div>&#8211; El Sageo (cuerda atada a la vaina) es tambi\u00e9n muy larga con una longitud de hasta doce pies. Esto es porque permitir\u00eda a la espada ser levantada luego de ser usada como escal\u00f3n (tambi\u00e9n para atar enemigos, tender trampas, etc).<\/div>\n<div>&#8211; La tsuba (cubre mano) de la espada es m\u00e1s grande que la de la katana samurai (espada larga). Esto es porque, cuando el ninja se infiltraba en los campos o residencias enemigas, estas espadas pod\u00edan (puestas contra una pared) ser usadas como escal\u00f3n apoy\u00e1ndose en la tsuba.<\/div>\n<div style=\"text-align: left;\">Lo mas importante acerca del Kenjutsu (habilidades de espada ninja) es que el ninja posee habilidades con la espada para esquivar a su enemigo cuando una espada choca contra la suya. Esta es la calificaci\u00f3n b\u00e1sica para el Ninja ken.<\/div>\n<p>[\/et_pb_blurb][\/et_pb_column][et_pb_column type=\u00bb1_2&#8243; _builder_version=\u00bb4.14.3&#8243; _module_preset=\u00bbdefault\u00bb global_colors_info=\u00bb{}\u00bb][et_pb_blurb title=\u00bbArmas de madera\u00bb image=\u00bbhttps:\/\/bujinkanibiza.es\/wordpress\/wp-content\/uploads\/2022\/01\/image.jpeg\u00bb _builder_version=\u00bb4.14.3&#8243; _module_preset=\u00bbdefault\u00bb transform_scale=\u00bb98%|98%\u00bb hover_enabled=\u00bb0&#8243; global_colors_info=\u00bb{}\u00bb sticky_enabled=\u00bb0&#8243;]<\/p>\n<div>El Rokushaku B\u00f4 es el bast\u00f3n largo que conocemos m\u00e1s com\u00fanmente como B\u00f4. La palabra B\u00f4 hace referencia a bast\u00f3n. Este tiene seis (roku) shaku (antigua medida japonesa) de largo, que equivale a 180 cms aproximadamente. Debido a su longitud nos proporciona una amplia ventaja en el combate contra adversarios desarmados o con armas cortas. El B\u00f4 tambi\u00e9n es usado como garrocha para sobrepasar obst\u00e1culos.<\/div>\n<div>El J\u00f4 es el bast\u00f3n de 120 cms de largo (yonshaku), y es el t\u00edpico bast\u00f3n del caminante. Su uso es m\u00e1s sencillo que el del bast\u00f3n largo, ya que sus 60 cent\u00edmetros menos en longitud lo hacen m\u00e1s vers\u00e1til en el combate contra atacantes con espadas.<\/div>\n<div>El Jo &#8211; Hanb\u00f4 (medio bast\u00f3n) es tambi\u00e9n llamado Sanshaku B\u00f4. Es un bast\u00f3n de 90 -60 cent\u00edmetros de longitud aproximadamente. Es muy pr\u00e1ctico para el Ninja debido a su tama\u00f1o, ya que esto facilita en su transporte. Sus t\u00e9cnicas son muy contundentes y eficaces, adem\u00e1s al entrenarnos en este, podremos defendernos f\u00e1cilmente con una escoba, sombrilla, o cualquier elemento que se parezca en longitud, y que se consigue de forma f\u00e1cil en el entorno en que vivimos.<\/div>\n<div>El Tanb\u00f4 es un bast\u00f3n de 40 cent\u00edmetros de largo. Es un arma sumamente vers\u00e1til en el combate, y usado en par es fenomenal, ya que mientras uno nos sirve para desviar la agresi\u00f3n, el otro nos ayuda al ataque. Sus movimientos son muy r\u00e1pidos y contundentes, y ante un ataque con arma corto punzante llevamos una gran ventaja. Esta arma la podemos improvisar con un peri\u00f3dico o revista enrollada, elementos que se convierten en una verdadera arma. El Tanb\u00f4 no solo se usa para golpear, pues tambi\u00e9n podemos realizar controles, luxaciones, estrangulamientos, etc.<\/div>\n<p>[\/et_pb_blurb][\/et_pb_column][\/et_pb_row][et_pb_row _builder_version=\u00bb4.14.3&#8243; _module_preset=\u00bbdefault\u00bb global_colors_info=\u00bb{}\u00bb][et_pb_column type=\u00bb4_4&#8243; _builder_version=\u00bb4.14.3&#8243; _module_preset=\u00bbdefault\u00bb global_colors_info=\u00bb{}\u00bb][\/et_pb_column][\/et_pb_row][\/et_pb_section]<\/p>\n","protected":false},"excerpt":{"rendered":"<p>El ninja ken (tambi\u00e9n llamado \u201cshinobi katana\u201d o ninja to) presentaba las siguientes caracter\u00edsticas: &#8211; Ten\u00eda la hoja de color negruzco &#8211; Su tama\u00f1o era m\u00e1s corto de lo habitual de unos 50 cent\u00edmetros de largo, esta era usada para combatir a un enemigo dada su gran versatilidad, dado que se pod\u00eda usar en todo [&hellip;]<\/p>\n","protected":false},"author":2,"featured_media":0,"parent":0,"menu_order":0,"comment_status":"closed","ping_status":"closed","template":"","meta":{"_et_pb_use_builder":"on","_et_pb_old_content":"","_et_gb_content_width":"","footnotes":""},"class_list":["post-16","page","type-page","status-publish","hentry"],"_links":{"self":[{"href":"https:\/\/bujinkanibiza.es\/index.php?rest_route=\/wp\/v2\/pages\/16","targetHints":{"allow":["GET"]}}],"collection":[{"href":"https:\/\/bujinkanibiza.es\/index.php?rest_route=\/wp\/v2\/pages"}],"about":[{"href":"https:\/\/bujinkanibiza.es\/index.php?rest_route=\/wp\/v2\/types\/page"}],"author":[{"embeddable":true,"href":"https:\/\/bujinkanibiza.es\/index.php?rest_route=\/wp\/v2\/users\/2"}],"replies":[{"embeddable":true,"href":"https:\/\/bujinkanibiza.es\/index.php?rest_route=%2Fwp%2Fv2%2Fcomments&post=16"}],"version-history":[{"count":7,"href":"https:\/\/bujinkanibiza.es\/index.php?rest_route=\/wp\/v2\/pages\/16\/revisions"}],"predecessor-version":[{"id":657,"href":"https:\/\/bujinkanibiza.es\/index.php?rest_route=\/wp\/v2\/pages\/16\/revisions\/657"}],"wp:attachment":[{"href":"https:\/\/bujinkanibiza.es\/index.php?rest_route=%2Fwp%2Fv2%2Fmedia&parent=16"}],"curies":[{"name":"wp","href":"https:\/\/api.w.org\/{rel}","templated":true}]}}