{"id":186,"date":"2021-12-25T23:05:11","date_gmt":"2021-12-25T23:05:11","guid":{"rendered":"https:\/\/bujinkanibiza.es\/wordpress\/?page_id=186"},"modified":"2023-12-30T09:59:46","modified_gmt":"2023-12-30T09:59:46","slug":"introduccion-bujinkan","status":"publish","type":"page","link":"https:\/\/bujinkanibiza.es\/?page_id=186","title":{"rendered":"Introducci\u00f3n Bujinkan"},"content":{"rendered":"<p>[et_pb_section fb_built=\u00bb1&#8243; admin_label=\u00bbHero Section\u00bb _builder_version=\u00bb4.14.3&#8243; use_background_color_gradient=\u00bbon\u00bb background_color_gradient_start=\u00bb#000000&#8243; background_color_gradient_end=\u00bb#e00b00&#8243; background_color_gradient_direction=\u00bb105deg\u00bb custom_padding=\u00bb0px|0px|0px|0px||\u00bb global_colors_info=\u00bb{}\u00bb][et_pb_row _builder_version=\u00bb3.25&#8243; background_size=\u00bbinitial\u00bb background_position=\u00bbtop_left\u00bb background_repeat=\u00bbrepeat\u00bb global_colors_info=\u00bb{}\u00bb][et_pb_column type=\u00bb4_4&#8243; _builder_version=\u00bb3.25&#8243; custom_padding=\u00bb|||\u00bb global_colors_info=\u00bb{}\u00bb custom_padding__hover=\u00bb|||\u00bb][et_pb_text _builder_version=\u00bb3.27.4&#8243; text_font=\u00bbPoppins||||||||\u00bb text_text_color=\u00bbrgba(255,255,255,0.8)\u00bb text_font_size=\u00bb18px\u00bb text_line_height=\u00bb1.8em\u00bb header_font=\u00bbPoppins|600|||||||\u00bb header_text_color=\u00bb#ffffff\u00bb header_font_size=\u00bb48px\u00bb header_line_height=\u00bb1.4em\u00bb header_3_font=\u00bbPoppins|600|||||||\u00bb header_3_font_size=\u00bb36px\u00bb header_3_line_height=\u00bb1.4em\u00bb background_layout=\u00bbdark\u00bb max_width=\u00bb600px\u00bb module_alignment=\u00bbleft\u00bb custom_margin=\u00bb|||\u00bb locked=\u00bboff\u00bb global_colors_info=\u00bb{}\u00bb]<\/p>\n<h1>Introducci\u00f3n Bujinkan<\/h1>\n<p>[\/et_pb_text][\/et_pb_column][\/et_pb_row][\/et_pb_section][et_pb_section fb_built=\u00bb1&#8243; _builder_version=\u00bb4.14.3&#8243; _module_preset=\u00bbdefault\u00bb background_color=\u00bb#000000&#8243; use_background_color_gradient=\u00bbon\u00bb background_color_gradient_start=\u00bb#000000&#8243; background_color_gradient_end=\u00bb#000000&#8243; background_image=\u00bbhttps:\/\/bujinkanibiza.es\/wordpress\/wp-content\/uploads\/2021\/12\/bujinkan-logo.jpeg\u00bb background_size=\u00bbinitial\u00bb background_position=\u00bbtop_center\u00bb background_blend=\u00bbsoft-light\u00bb hover_enabled=\u00bb0&#8243; global_colors_info=\u00bb{}\u00bb sticky_enabled=\u00bb0&#8243;][et_pb_row _builder_version=\u00bb4.14.3&#8243; _module_preset=\u00bbdefault\u00bb width=\u00bb90.5%\u00bb global_colors_info=\u00bb{}\u00bb][et_pb_column type=\u00bb4_4&#8243; _builder_version=\u00bb4.14.3&#8243; _module_preset=\u00bbdefault\u00bb background_enable_image=\u00bboff\u00bb global_colors_info=\u00bb{}\u00bb][et_pb_text _builder_version=\u00bb4.14.3&#8243; _module_preset=\u00bbdefault\u00bb text_text_color=\u00bb#FFFFFF\u00bb text_font_size=\u00bb23px\u00bb header_text_color=\u00bb#FFFFFF\u00bb module_alignment=\u00bbcenter\u00bb global_colors_info=\u00bb{}\u00bb]<\/p>\n<h2 style=\"text-align: center;\"><span style=\"color: #ffffff;\"><img loading=\"lazy\" decoding=\"async\" src=\"https:\/\/bujinkanibiza.es\/wordpress\/wp-content\/uploads\/2021\/12\/bujinkan-logo-300x286.jpeg\" width=\"300\" height=\"286\" alt=\"\" class=\"wp-image-196 alignnone size-medium\" srcset=\"https:\/\/bujinkanibiza.es\/wp-content\/uploads\/2021\/12\/bujinkan-logo-300x286.jpeg 300w, https:\/\/bujinkanibiza.es\/wp-content\/uploads\/2021\/12\/bujinkan-logo.jpeg 367w\" sizes=\"auto, (max-width: 300px) 100vw, 300px\" \/><\/span><\/h2>\n<h2 style=\"text-align: center;\"><span style=\"color: #ffffff;\"><\/span><\/h2>\n<h2 style=\"text-align: center;\"><span style=\"color: #ffffff;\"><\/span><\/h2>\n<h3 style=\"text-align: justify;\"><span style=\"color: #ffffff;\">El sistema Bujinkan Bud\u00f3 Taijutsu, esta compuesto por nueve estilos diferentes de Artes marciales tradicionales Japonesas, teniendo la m\u00e1s antigua de ellas mas de 900 a\u00f1os. Cada una de estas escuelas posee caracter\u00edsticas diferentes en el \u00e1mbito t\u00e9cnico y en el \u00e1mbito filos\u00f3fico, pero estando todas estas imbuidas en lo que se denomina Bud\u00f3 Taijutsu. <\/span><\/h3>\n<h3 style=\"text-align: justify;\"><span style=\"color: #ffffff;\"><\/span><\/h3>\n<h3 style=\"text-align: justify;\"><span style=\"color: #ffffff;\">En la actualidad el entrenamiento principal consiste en la pr\u00e1ctica del Tai Jutsu (combate sin armas y contra adversarios armados), que va unido al Seishin Teki Kyoyo. Esto \u00faltimo consiste en el refinamiento espiritual como ser humano, ser consciente de la importancia que tiene la protecci\u00f3n del ser humano a trav\u00e9s del cuidado del medio natural. En este Arte Marcial no existen las competiciones, ya que se trata de proteger al Ser Humano y no de destruirlo, est\u00e1 enfocado meramente al desarrollo de seres humanos integrales a trav\u00e9s de las artes marciales. La Bujinkan Bud\u00f3 Taijutsu pone \u00e9nfasis en la protecci\u00f3n fisica, mental y espiritual. Sus m\u00e9todos antiguos y tradicionales se adaptan perfectamente a los tiempos modernos. <\/span><\/h3>\n<h3 style=\"text-align: justify;\"><span style=\"color: #ffffff;\"><\/span><\/h3>\n<h3 style=\"text-align: justify;\"><span style=\"color: #ffffff;\">El Taijutsu es un m\u00e9todo basado en la libertad de los movimientos del cuerpo. Se caracteriza por la naturalidad de sus t\u00e9cnicas. Es importante la utilizaci\u00f3n de todo el cuerpo como un conjunto en los distintos medios que la naturaleza nos aporta. Cuando el cuerpo, la mente y el esp\u00edritu se encuentran en armon\u00eda en una conciencia conjunta de movimientos, se denomina a esto un estado SANSHIN. Despu\u00e9s del quinto Dan la pr\u00e1ctica se convierte en m\u00e1s intuitiva y el entrenamiento pasa a ser un Taijutsu subconsciente. <\/span><span style=\"color: #ffffff;\">El Bud\u00f3 Taijutsu es un instrumento del cual uno puede hablar del concepto de vida. Este significado es de gran importancia para el objetivo de la configuraci\u00f3n humana. Por eso, a dem\u00e1s de practicar en el D\u00f3jo (gimnasio), hay que aprender a usar la fuerza que produce el Bud\u00f3 Taijutsu, ya sea en casa, con la familia, la pareja, los amigos, etc., contribuyendo de esta forma en algo positivo para la humanidad en s\u00ed. <\/span><\/h3>\n<h3 style=\"text-align: justify;\"><span style=\"color: #ffffff;\"><\/span><\/h3>\n<h3 style=\"text-align: justify;\"><span style=\"color: #ffffff;\">Hay que remontarse un poco en la historia del Budo-taijutsu y poder obtener la informaci\u00f3n que le hab\u00eda pasado Takamatsu Toshitsugu Sensei a Masaaki Hatsumi Sensei ya que ambos hab\u00edan comenzado sus entrenamientos en las artes marciales a temprana edad. Gracias a estos grandes Sokes (maestros) \u00e9stas tradiciones milenarias contin\u00faan vivas y hoy hay miles de practicantes por todo el mundo que pueden recibir a trav\u00e9s de la practica del Budo-taijutsu \u00e9stas nueve escuelas antiguas. Los adultos a veces olvidamos tambi\u00e9n que la creatividad es algo que si nos falta convierte nuestra vida en algo aburrido, triste y sin sentido. Masaaki Hatsumi Sensei, tiene un gran sentido del humor, hace chistes durante los entrenamientos y no por eso deja de ser el Soke; el humor es en s\u00ed mismo un estado creativo y su creatividad es tan asombrosa que no deja de sorprendernos. Cuando la creatividad aparece, las t\u00e9cnicas parecen fluir naturalmente y a la vez nos lleva a crear sin limites, el Soke parece divertirse al realizar las t\u00e9cnicas y eso es algo que irradia de su rostro y genera alegr\u00eda a todo su alrededor llevando el Budo por todo el Mundo. El Soke tambi\u00e9n ense\u00f1a que para entender el Sanshin no Kata, es importante el tener un coraz\u00f3n ver\u00eddico y el esp\u00edritu de un ni\u00f1o de 3 a\u00f1os. <\/span><\/h3>\n<h3 style=\"text-align: justify;\"><span style=\"color: #ffffff;\">Entrenar Budo no es algo para tomar a la ligera sino que es algo que podemos hacer durante toda nuestra vida, si nos comprometemos de coraz\u00f3n a mantenerlo vivo de generaci\u00f3n en generaci\u00f3n, de persona a persona sin importar la edad. Dentro del entrenamiento uno debe ir encontrando los puntos que fortalecen el esp\u00edritu. Estos puntos deben ser encontrados por uno mismo. Mirar dentro del esp\u00edritu es tambi\u00e9n una forma de saber que esto que uno busca es para el propio crecimiento como ser humano. En cierta manera, es determinar nuestra motivaci\u00f3n para la practica en las artes marciales y as\u00ed formular pensamientos positivos que influyan en la calidad de nuestro entrenamiento y en los seres que nos rodean. Cuando uno mas ondea en el esp\u00edritu con una elevada motivaci\u00f3n, m\u00e1s r\u00e1pidos y beneficiosos ser\u00e1n los efectos de nuestro crecimiento dentro del Bud\u00f3, y en s\u00ed, en la vida misma. Dentro de esta mirada interna podemos encontrar que es primordial el sentido del humor, la tolerancia, y la persistencia. Cuando el rumbo del entrenamiento se esta tambaleando, hay que volver a la fuente, AL MAESTRO.<\/span><\/h3>\n<p>[\/et_pb_text][\/et_pb_column][\/et_pb_row][\/et_pb_section][et_pb_section fb_built=\u00bb1&#8243; admin_label=\u00bbOur Services Section\u00bb _builder_version=\u00bb4.14.3&#8243; background_color=\u00bb#000000&#8243; custom_padding=\u00bb20px|0px|20px|0px|true|false\u00bb hover_enabled=\u00bb0&#8243; global_colors_info=\u00bb{}\u00bb custom_margin=\u00bb||40px||false|false\u00bb sticky_enabled=\u00bb0&#8243;][et_pb_row column_structure=\u00bb1_3,1_3,1_3&#8243; use_custom_gutter=\u00bbon\u00bb gutter_width=\u00bb2&#8243; column_padding_mobile=\u00bbon\u00bb custom_padding_last_edited=\u00bbon|phone\u00bb _builder_version=\u00bb4.14.3&#8243; background_color=\u00bb#000000&#8243; background_size=\u00bbinitial\u00bb background_position=\u00bbtop_left\u00bb background_repeat=\u00bbrepeat\u00bb custom_padding=\u00bb27px|0px|27px|0px\u00bb custom_padding_tablet=\u00bb49px|||\u00bb custom_padding_phone=\u00bb19px|||\u00bb hover_enabled=\u00bb0&#8243; global_colors_info=\u00bb{}\u00bb sticky_enabled=\u00bb0&#8243;][et_pb_column type=\u00bb1_3&#8243; _builder_version=\u00bb3.25&#8243; custom_padding=\u00bb|||\u00bb global_colors_info=\u00bb{}\u00bb custom_padding__hover=\u00bb|||\u00bb][et_pb_blurb title=\u00bbConocimiento general para todos los grados\u00bb url=\u00bb@ET-DC@eyJkeW5hbWljIjp0cnVlLCJjb250ZW50IjoicG9zdF9saW5rX3VybF9wYWdlIiwic2V0dGluZ3MiOnsicG9zdF9pZCI6IjI1NyJ9fQ==@\u00bb image=\u00bbhttps:\/\/bujinkanibiza.es\/wordpress\/wp-content\/uploads\/2021\/12\/536126_3464683410439_1475936060_n.jpeg\u00bb admin_label=\u00bbService\u00bb _builder_version=\u00bb4.14.3&#8243; _dynamic_attributes=\u00bburl\u00bb header_font=\u00bbPoppins|600|||||||\u00bb header_text_align=\u00bbcenter\u00bb header_text_color=\u00bb#486066&#8243; header_font_size=\u00bb18px\u00bb header_line_height=\u00bb1.3em\u00bb body_font=\u00bbOpen Sans||||||||\u00bb body_text_align=\u00bbcenter\u00bb body_text_color=\u00bb#486066&#8243; body_line_height=\u00bb2em\u00bb background_color=\u00bb#000000&#8243; module_alignment=\u00bbcenter\u00bb max_height=\u00bb1000px\u00bb custom_margin=\u00bb|||\u00bb custom_padding=\u00bb10px|30px|10px|30px|true|false\u00bb animation_style=\u00bbfade\u00bb animation_delay=\u00bb200ms\u00bb animation=\u00bboff\u00bb hover_enabled=\u00bb0&#8243; border_radii=\u00bbon|6px|6px|6px|6px\u00bb box_shadow_style=\u00bbpreset1&#8243; box_shadow_vertical=\u00bb10px\u00bb box_shadow_blur=\u00bb24px\u00bb box_shadow_spread=\u00bb6px\u00bb box_shadow_color=\u00bbrgba(0,0,0,0.06)\u00bb global_colors_info=\u00bb{}\u00bb sticky_enabled=\u00bb0&#8243;][\/et_pb_blurb][\/et_pb_column][et_pb_column type=\u00bb1_3&#8243; _builder_version=\u00bb3.25&#8243; custom_padding=\u00bb|||\u00bb global_colors_info=\u00bb{}\u00bb custom_padding__hover=\u00bb|||\u00bb][et_pb_blurb title=\u00bbSoke masaaki hatsumi\u00bb url=\u00bb@ET-DC@eyJkeW5hbWljIjp0cnVlLCJjb250ZW50IjoicG9zdF9saW5rX3VybF9wYWdlIiwic2V0dGluZ3MiOnsicG9zdF9pZCI6IjI0OCJ9fQ==@\u00bb image=\u00bbhttps:\/\/bujinkanibiza.es\/wordpress\/wp-content\/uploads\/2022\/03\/soke2.jpeg\u00bb image_icon_width=\u00bb200%\u00bb content_max_width=\u00bb885px\u00bb admin_label=\u00bbService\u00bb _builder_version=\u00bb4.14.3&#8243; _dynamic_attributes=\u00bburl\u00bb header_font=\u00bbPoppins|600|||||||\u00bb header_text_align=\u00bbcenter\u00bb header_text_color=\u00bb#486066&#8243; header_font_size=\u00bb18px\u00bb header_line_height=\u00bb1.3em\u00bb body_font=\u00bbOpen Sans||||||||\u00bb body_text_align=\u00bbcenter\u00bb body_text_color=\u00bb#486066&#8243; body_line_height=\u00bb2em\u00bb background_color=\u00bb#000000&#8243; transform_translate=\u00bb0px|-18px\u00bb transform_origin=\u00bb12%|-26%\u00bb width=\u00bb98%\u00bb max_width=\u00bb91%\u00bb module_alignment=\u00bbcenter\u00bb max_height=\u00bb1000px\u00bb custom_margin=\u00bb|||\u00bb custom_padding=\u00bb10px|30px|10px|30px|true|false\u00bb animation_style=\u00bbfade\u00bb animation_delay=\u00bb100ms\u00bb animation=\u00bboff\u00bb hover_enabled=\u00bb0&#8243; box_shadow_style=\u00bbpreset1&#8243; box_shadow_vertical=\u00bb10px\u00bb box_shadow_blur=\u00bb24px\u00bb box_shadow_spread=\u00bb6px\u00bb box_shadow_color=\u00bbrgba(0,0,0,0.06)\u00bb global_colors_info=\u00bb{}\u00bb sticky_enabled=\u00bb0&#8243;][\/et_pb_blurb][\/et_pb_column][et_pb_column type=\u00bb1_3&#8243; _builder_version=\u00bb3.25&#8243; custom_padding=\u00bb|||\u00bb global_colors_info=\u00bb{}\u00bb custom_padding__hover=\u00bb|||\u00bb][et_pb_blurb title=\u00bbShikin Haramitsu Daikomyo\u00bb url=\u00bb@ET-DC@eyJkeW5hbWljIjp0cnVlLCJjb250ZW50IjoicG9zdF9saW5rX3VybF9wYWdlIiwic2V0dGluZ3MiOnsicG9zdF9pZCI6IjIzNCJ9fQ==@\u00bb image=\u00bbhttps:\/\/bujinkanibiza.es\/wordpress\/wp-content\/uploads\/2021\/12\/050b6e1e5c652c746444fcd746543fb2.jpeg\u00bb image_icon_width=\u00bb50%\u00bb admin_label=\u00bbService\u00bb _builder_version=\u00bb4.14.3&#8243; _dynamic_attributes=\u00bburl\u00bb header_font=\u00bbPoppins|600|||||||\u00bb header_text_align=\u00bbcenter\u00bb header_text_color=\u00bb#486066&#8243; header_font_size=\u00bb18px\u00bb header_line_height=\u00bb1.3em\u00bb body_font=\u00bbOpen Sans||||||||\u00bb body_text_align=\u00bbcenter\u00bb body_text_color=\u00bb#486066&#8243; body_line_height=\u00bb2em\u00bb background_color=\u00bb#000000&#8243; width=\u00bb99.8%\u00bb custom_margin=\u00bb|||\u00bb custom_padding=\u00bb40px|30px|40px|30px\u00bb animation_style=\u00bbfade\u00bb animation=\u00bboff\u00bb hover_enabled=\u00bb0&#8243; border_radii=\u00bbon|6px|6px|6px|6px\u00bb box_shadow_style=\u00bbpreset1&#8243; box_shadow_vertical=\u00bb10px\u00bb box_shadow_blur=\u00bb24px\u00bb box_shadow_spread=\u00bb6px\u00bb box_shadow_color=\u00bbrgba(0,0,0,0.06)\u00bb global_colors_info=\u00bb{}\u00bb sticky_enabled=\u00bb0&#8243;][\/et_pb_blurb][\/et_pb_column][\/et_pb_row][\/et_pb_section]<\/p>\n","protected":false},"excerpt":{"rendered":"<p>Introducci\u00f3n Bujinkan El sistema Bujinkan Bud\u00f3 Taijutsu, esta compuesto por nueve estilos diferentes de Artes marciales tradicionales Japonesas, teniendo la m\u00e1s antigua de ellas mas de 900 a\u00f1os. Cada una de estas escuelas posee caracter\u00edsticas diferentes en el \u00e1mbito t\u00e9cnico y en el \u00e1mbito filos\u00f3fico, pero estando todas estas imbuidas en lo que se denomina [&hellip;]<\/p>\n","protected":false},"author":2,"featured_media":0,"parent":0,"menu_order":0,"comment_status":"closed","ping_status":"closed","template":"","meta":{"_et_pb_use_builder":"on","_et_pb_old_content":"","_et_gb_content_width":"","footnotes":""},"class_list":["post-186","page","type-page","status-publish","hentry"],"_links":{"self":[{"href":"https:\/\/bujinkanibiza.es\/index.php?rest_route=\/wp\/v2\/pages\/186","targetHints":{"allow":["GET"]}}],"collection":[{"href":"https:\/\/bujinkanibiza.es\/index.php?rest_route=\/wp\/v2\/pages"}],"about":[{"href":"https:\/\/bujinkanibiza.es\/index.php?rest_route=\/wp\/v2\/types\/page"}],"author":[{"embeddable":true,"href":"https:\/\/bujinkanibiza.es\/index.php?rest_route=\/wp\/v2\/users\/2"}],"replies":[{"embeddable":true,"href":"https:\/\/bujinkanibiza.es\/index.php?rest_route=%2Fwp%2Fv2%2Fcomments&post=186"}],"version-history":[{"count":12,"href":"https:\/\/bujinkanibiza.es\/index.php?rest_route=\/wp\/v2\/pages\/186\/revisions"}],"predecessor-version":[{"id":673,"href":"https:\/\/bujinkanibiza.es\/index.php?rest_route=\/wp\/v2\/pages\/186\/revisions\/673"}],"wp:attachment":[{"href":"https:\/\/bujinkanibiza.es\/index.php?rest_route=%2Fwp%2Fv2%2Fmedia&parent=186"}],"curies":[{"name":"wp","href":"https:\/\/api.w.org\/{rel}","templated":true}]}}