{"id":2,"date":"2016-05-10T03:48:21","date_gmt":"2016-05-10T03:48:21","guid":{"rendered":"http:\/\/bujinkanibiza.es\/wordpress\/?page_id=2"},"modified":"2023-12-30T12:17:12","modified_gmt":"2023-12-30T12:17:12","slug":"inicio","status":"publish","type":"page","link":"https:\/\/bujinkanibiza.es\/","title":{"rendered":"Inicio"},"content":{"rendered":"<p>[et_pb_section fb_built=\u00bb1&#8243; _builder_version=\u00bb4.14.3&#8243; _module_preset=\u00bbdefault\u00bb background_color=\u00bb#FFFFFF\u00bb background_color_gradient_start=\u00bb#ffffff\u00bb background_color_gradient_end=\u00bb#000000&#8243; custom_padding=\u00bb15px||0px||false|false\u00bb hover_enabled=\u00bb0&#8243; global_colors_info=\u00bb{}\u00bb custom_margin=\u00bb||||false|false\u00bb sticky_enabled=\u00bb0&#8243;][et_pb_row column_structure=\u00bb1_2,1_2&#8243; _builder_version=\u00bb4.14.3&#8243; _module_preset=\u00bbdefault\u00bb hover_enabled=\u00bb0&#8243; global_colors_info=\u00bb{}\u00bb sticky_enabled=\u00bb0&#8243;][et_pb_column type=\u00bb1_2&#8243; _builder_version=\u00bb4.14.3&#8243; _module_preset=\u00bbdefault\u00bb global_colors_info=\u00bb{}\u00bb][et_pb_image src=\u00bbhttps:\/\/bujinkanibiza.es\/wordpress\/wp-content\/uploads\/2022\/01\/WhatsApp-Image-2022-01-01-at-16.27.49-e1644164080669.jpeg\u00bb title_text=\u00bbWhatsApp Image 2022-01-01 at 16.27.49&#8243; align=\u00bbcenter\u00bb _builder_version=\u00bb4.14.3&#8243; _module_preset=\u00bbdefault\u00bb width=\u00bb34.9%\u00bb hover_enabled=\u00bb0&#8243; global_colors_info=\u00bb{}\u00bb max_height_last_edited=\u00bbon|phone\u00bb max_height_phone=\u00bb100px\u00bb sticky_enabled=\u00bb0&#8243;][\/et_pb_image][\/et_pb_column][et_pb_column type=\u00bb1_2&#8243; _builder_version=\u00bb4.14.3&#8243; _module_preset=\u00bbdefault\u00bb global_colors_info=\u00bb{}\u00bb][et_pb_image src=\u00bbhttps:\/\/bujinkanibiza.es\/wp-content\/uploads\/2021\/12\/imageonline-co-transparentimage.png\u00bb title_text=\u00bbimageonline-co-transparentimage\u00bb align=\u00bbcenter\u00bb _builder_version=\u00bb4.14.3&#8243; _module_preset=\u00bbdefault\u00bb hover_enabled=\u00bb0&#8243; global_colors_info=\u00bb{}\u00bb height_last_edited=\u00bbon|phone\u00bb max_height_last_edited=\u00bbon|phone\u00bb max_height_phone=\u00bb70px\u00bb sticky_enabled=\u00bb0&#8243;][\/et_pb_image][\/et_pb_column][\/et_pb_row][\/et_pb_section][et_pb_section fb_built=\u00bb1&#8243; fullwidth=\u00bbon\u00bb _builder_version=\u00bb4.14.3&#8243; _module_preset=\u00bbdefault\u00bb hover_enabled=\u00bb0&#8243; global_colors_info=\u00bb{}\u00bb disabled_on=\u00bbon|off|off\u00bb sticky_enabled=\u00bb0&#8243;][et_pb_fullwidth_slider _builder_version=\u00bb4.14.3&#8243; _module_preset=\u00bbdefault\u00bb global_colors_info=\u00bb{}\u00bb][et_pb_slide _builder_version=\u00bb4.14.3&#8243; _module_preset=\u00bbdefault\u00bb background_image=\u00bbhttps:\/\/bujinkanibiza.es\/wp-content\/uploads\/2022\/02\/2e5a727d-d6ab-4416-bfa8-2e2bed0eb238.jpg\u00bb background_enable_image=\u00bbon\u00bb background_position=\u00bbtop_center\u00bb global_colors_info=\u00bb{}\u00bb sticky_transition=\u00bbon\u00bb][\/et_pb_slide][et_pb_slide _builder_version=\u00bb4.14.3&#8243; _module_preset=\u00bbdefault\u00bb background_image=\u00bbhttps:\/\/bujinkanibiza.es\/wp-content\/uploads\/2021\/12\/img_rgpNUmEojk-scaled-e1640551162654.jpg\u00bb background_enable_image=\u00bbon\u00bb global_colors_info=\u00bb{}\u00bb sticky_transition=\u00bbon\u00bb][\/et_pb_slide][et_pb_slide _builder_version=\u00bb4.14.3&#8243; _module_preset=\u00bbdefault\u00bb background_image=\u00bbhttps:\/\/bujinkanibiza.es\/wp-content\/uploads\/2021\/12\/img_TLg0twIOOQ-e1640857601324.jpg\u00bb background_enable_image=\u00bbon\u00bb background_position=\u00bbtop_center\u00bb global_colors_info=\u00bb{}\u00bb sticky_transition=\u00bbon\u00bb][\/et_pb_slide][\/et_pb_fullwidth_slider][\/et_pb_section][et_pb_section fb_built=\u00bb1&#8243; fullwidth=\u00bbon\u00bb _builder_version=\u00bb4.14.3&#8243; _module_preset=\u00bbdefault\u00bb background_color=\u00bb#FFFFFF\u00bb global_colors_info=\u00bb{}\u00bb][et_pb_fullwidth_header title=\u00bbBujinkan Bud\u00f3 Taijutsu\u00bb text_orientation=\u00bbcenter\u00bb _builder_version=\u00bb4.14.3&#8243; _module_preset=\u00bbdefault\u00bb title_font=\u00bbAclonica||||||||\u00bb title_text_align=\u00bbcenter\u00bb title_text_color=\u00bb#000000&#8243; title_font_size=\u00bb3.5rem\u00bb title_letter_spacing=\u00bb2px\u00bb content_font=\u00bb||||||||\u00bb content_text_align=\u00bbjustify\u00bb content_text_color=\u00bb#000000&#8243; background_color=\u00bb#FFFFFF\u00bb min_height=\u00bb349px\u00bb hover_enabled=\u00bb0&#8243; title_font_size_tablet=\u00bb3.5rem\u00bb title_font_size_phone=\u00bb1.5rem\u00bb title_font_size_last_edited=\u00bbon|phone\u00bb global_colors_info=\u00bb{}\u00bb content_line_height=\u00bb1.6em\u00bb sticky_enabled=\u00bb0&#8243;]<\/p>\n<p>&nbsp;<\/p>\n<p>El sistema Bujinkan Bud\u00f3 Taijutsu, esta compuesto por<strong> nueve estilos diferentes de Artes marciales tradicionales Japonesas<\/strong>, teniendo la m\u00e1s antigua de ellas mas de 900 a\u00f1os. Cada una de estas escuelas posee caracter\u00edsticas diferentes en el <strong>\u00e1mbito t\u00e9cnico<\/strong> y en el <strong>\u00e1mbito filos\u00f3fico<\/strong>, pero estando todas estas imbuidas en lo que se denomina Bud\u00f3 Taijutsu.<\/p>\n<p>&nbsp;<\/p>\n<p>En la actualidad <strong>el entrenamiento principal consiste en la pr\u00e1ctica del Tai Jutsu<\/strong> (combate sin armas y contra adversarios armados). En este Arte Marcial no existen las competiciones, ya que se trata de proteger al Ser Humano y no de destruirlo,<strong> est\u00e1 enfocado meramente al desarrollo de seres humanos integrales a trav\u00e9s de las artes marciales<\/strong>.<\/p>\n<p>[\/et_pb_fullwidth_header][\/et_pb_section][et_pb_section fb_built=\u00bb1&#8243; _builder_version=\u00bb4.14.3&#8243; _module_preset=\u00bbdefault\u00bb background_color=\u00bb#FFFFFF\u00bb custom_margin=\u00bb||||false|false\u00bb custom_padding=\u00bb2rem||4rem||false|false\u00bb global_colors_info=\u00bb{}\u00bb][et_pb_row column_structure=\u00bb1_3,1_3,1_3&#8243; _builder_version=\u00bb4.14.3&#8243; _module_preset=\u00bbdefault\u00bb background_color=\u00bb#FFFFFF\u00bb custom_padding=\u00bb0px|||||\u00bb global_colors_info=\u00bb{}\u00bb][et_pb_column type=\u00bb1_3&#8243; _builder_version=\u00bb4.14.3&#8243; _module_preset=\u00bbdefault\u00bb background_color=\u00bb#FFFFFF\u00bb global_colors_info=\u00bb{}\u00bb][et_pb_blurb title=\u00bb\u00bfQue es Budo Taijutsu?\u00bb image=\u00bbhttps:\/\/bujinkanibiza.es\/wordpress\/wp-content\/uploads\/2021\/12\/img_5Nfnu66hWG-scaled.jpg\u00bb image_icon_width=\u00bb56%\u00bb _builder_version=\u00bb4.14.3&#8243; _module_preset=\u00bbdefault\u00bb header_font=\u00bb|800|||||||\u00bb header_text_color=\u00bb#000000&#8243; body_font=\u00bb|600|||||||\u00bb body_text_color=\u00bb#FFFFFF\u00bb background_color=\u00bb#FFFFFF\u00bb background_enable_image=\u00bboff\u00bb text_orientation=\u00bbcenter\u00bb border_radii_image=\u00bboff|50px|50px|50px|50px\u00bb border_color_all_image=\u00bb#FFFFFF\u00bb box_shadow_style_image=\u00bbpreset1&#8243; box_shadow_vertical_image=\u00bb-5px\u00bb global_colors_info=\u00bb{}\u00bb]<\/p>\n<div class=\"col-md-4 text-center\">\n<div class=\"square-md\">\n<p style=\"text-align: center;\"><span style=\"color: #000000;\">Es un arte marcial tradicional japon\u00e9s (ninjutsu) sin competici\u00f3n y se practica con armas.<\/span><\/p>\n<\/div>\n<\/div>\n<p>[\/et_pb_blurb][et_pb_button button_url=\u00bbhttps:\/\/bujinkanibiza.es\/wordpress\/?page_id=186&#8243; button_text=\u00bbLeer m\u00e1s\u00bb button_alignment=\u00bbcenter\u00bb _builder_version=\u00bb4.14.3&#8243; _dynamic_attributes=\u00bbbutton_url\u00bb _module_preset=\u00bbdefault\u00bb custom_button=\u00bbon\u00bb button_text_size=\u00bb14px\u00bb button_text_color=\u00bb#000000&#8243; button_border_width=\u00bb1px\u00bb button_border_radius=\u00bb100px\u00bb background_layout=\u00bbdark\u00bb global_colors_info=\u00bb{}\u00bb][\/et_pb_button][\/et_pb_column][et_pb_column type=\u00bb1_3&#8243; _builder_version=\u00bb4.14.3&#8243; _module_preset=\u00bbdefault\u00bb global_colors_info=\u00bb{}\u00bb][et_pb_blurb title=\u00bbAprende Budo Taijutsu\u00bb image=\u00bbhttps:\/\/bujinkanibiza.es\/wordpress\/wp-content\/uploads\/2021\/12\/img_Y3HBc6qXSV.jpg\u00bb image_icon_width=\u00bb56%\u00bb _builder_version=\u00bb4.14.3&#8243; _module_preset=\u00bbdefault\u00bb header_font=\u00bb|800|||||||\u00bb header_text_color=\u00bb#000000&#8243; body_font=\u00bb|600|||||||\u00bb body_text_color=\u00bb#FFFFFF\u00bb background_color=\u00bb#FFFFFF\u00bb text_orientation=\u00bbcenter\u00bb border_radii_image=\u00bbon|50px|50px|50px|50px\u00bb global_colors_info=\u00bb{}\u00bb]<\/p>\n<div class=\"col-md-4 text-center\">\n<div class=\"square-md\">\n<p><span style=\"color: #000000;\">\u00bfQuieres aprender el arte marcial con nosotros? Lo tienes muy f\u00e1cil, consulta nuestro horario.<\/span><\/p>\n<\/div>\n<\/div>\n<div class=\"col-md-4 text-center\">\n<div class=\"square-md\">\n<div class=\"icon-index-square\"><\/div>\n<\/div>\n<\/div>\n<p>[\/et_pb_blurb][et_pb_button button_url=\u00bb@ET-DC@eyJkeW5hbWljIjp0cnVlLCJjb250ZW50IjoicG9zdF9saW5rX3VybF9wYWdlIiwic2V0dGluZ3MiOnsicG9zdF9pZCI6IjI2NSJ9fQ==@\u00bb button_text=\u00bbLeer m\u00e1s\u00bb button_alignment=\u00bbcenter\u00bb _builder_version=\u00bb4.14.3&#8243; _dynamic_attributes=\u00bbbutton_url\u00bb _module_preset=\u00bbdefault\u00bb custom_button=\u00bbon\u00bb button_text_size=\u00bb14px\u00bb button_text_color=\u00bb#000000&#8243; button_bg_color=\u00bb#FFFFFF\u00bb button_border_width=\u00bb1px\u00bb button_border_color=\u00bb#000000&#8243; button_border_radius=\u00bb100px\u00bb button_icon=\u00bb&#x37;||divi||400&#8243; global_colors_info=\u00bb{}\u00bb][\/et_pb_button][\/et_pb_column][et_pb_column type=\u00bb1_3&#8243; _builder_version=\u00bb4.14.3&#8243; _module_preset=\u00bbdefault\u00bb global_colors_info=\u00bb{}\u00bb][et_pb_blurb title=\u00bb\u00bfQuieres apuntarte?\u00bb image=\u00bbhttps:\/\/bujinkanibiza.es\/wordpress\/wp-content\/uploads\/2021\/12\/img_XcIxIeNHJm.jpg\u00bb image_icon_width=\u00bb49%\u00bb _builder_version=\u00bb4.14.3&#8243; _module_preset=\u00bbdefault\u00bb header_font=\u00bb|800|||||||\u00bb header_text_color=\u00bb#000000&#8243; body_font=\u00bb|600|||||||\u00bb body_text_color=\u00bb#000000&#8243; background_color=\u00bb#FFFFFF\u00bb text_orientation=\u00bbcenter\u00bb min_height=\u00bb271.1px\u00bb custom_padding=\u00bb||0px|||\u00bb border_radii_image=\u00bbon|50px|50px|50px|50px\u00bb global_colors_info=\u00bb{}\u00bb]<\/p>\n<div class=\"col-md-4 text-center\">\n<div class=\"square-md\">\n<div class=\"col-md-4 text-center\">\n<div class=\"square-md\">\n<p style=\"text-align: center;\"><span style=\"color: #000000;\">\u00a0Contacta con nosotros v\u00eda correo electr\u00f3nico o tel\u00e9fono.<\/span><\/p>\n<p style=\"text-align: center;\"><span style=\"color: #000000;\"><\/span><\/p>\n<p style=\"text-align: center;\"><span style=\"color: #000000;\"><\/span><\/p>\n<\/div>\n<\/div>\n<\/div>\n<\/div>\n<div class=\"col-md-4 text-center\">\n<div class=\"square-md\">\n<div class=\"icon-index-square\"><\/div>\n<\/div>\n<\/div>\n<p>[\/et_pb_blurb][et_pb_button button_url=\u00bb@ET-DC@eyJkeW5hbWljIjp0cnVlLCJjb250ZW50IjoicG9zdF9saW5rX3VybF9wYWdlIiwic2V0dGluZ3MiOnsicG9zdF9pZCI6IjE5In19@\u00bb button_text=\u00bbLeer m\u00e1s\u00bb button_alignment=\u00bbcenter\u00bb _builder_version=\u00bb4.14.3&#8243; _dynamic_attributes=\u00bbbutton_url\u00bb _module_preset=\u00bbdefault\u00bb custom_button=\u00bbon\u00bb button_text_size=\u00bb14px\u00bb button_text_color=\u00bb#000000&#8243; button_border_width=\u00bb1px\u00bb button_border_radius=\u00bb100px\u00bb background_layout=\u00bbdark\u00bb global_colors_info=\u00bb{}\u00bb][\/et_pb_button][\/et_pb_column][\/et_pb_row][\/et_pb_section]<\/p>\n","protected":false},"excerpt":{"rendered":"<p>&nbsp; El sistema Bujinkan Bud\u00f3 Taijutsu, esta compuesto por nueve estilos diferentes de Artes marciales tradicionales Japonesas, teniendo la m\u00e1s antigua de ellas mas de 900 a\u00f1os. Cada una de estas escuelas posee caracter\u00edsticas diferentes en el \u00e1mbito t\u00e9cnico y en el \u00e1mbito filos\u00f3fico, pero estando todas estas imbuidas en lo que se denomina Bud\u00f3 [&hellip;]<\/p>\n","protected":false},"author":2,"featured_media":0,"parent":0,"menu_order":0,"comment_status":"closed","ping_status":"closed","template":"","meta":{"_et_pb_use_builder":"on","_et_pb_old_content":"This is an example page. It's different from a blog post because it will stay in one place and will show up in your site navigation (in most themes). Most people start with an About page that introduces them to potential site visitors. It might say something like this:\n\n<blockquote>Hi there! I'm a bike messenger by day, aspiring actor by night, and this is my website. I live in Los Angeles, have a great dog named Jack, and I like pi&#241;a coladas. (And gettin' caught in the rain.)<\/blockquote>\n\n...or something like this:\n\n<blockquote>The XYZ Doohickey Company was founded in 1971, and has been providing quality doohickeys to the public ever since. Located in Gotham City, XYZ employs over 2,000 people and does all kinds of awesome things for the Gotham community.<\/blockquote>\n\nAs a new WordPress user, you should go to <a href=\"http:\/\/bujinkanibiza.es\/wordpress\/wp-admin\/\">your dashboard<\/a> to delete this page and create new pages for your content. Have fun!","_et_gb_content_width":"","footnotes":""},"class_list":["post-2","page","type-page","status-publish","hentry"],"_links":{"self":[{"href":"https:\/\/bujinkanibiza.es\/index.php?rest_route=\/wp\/v2\/pages\/2","targetHints":{"allow":["GET"]}}],"collection":[{"href":"https:\/\/bujinkanibiza.es\/index.php?rest_route=\/wp\/v2\/pages"}],"about":[{"href":"https:\/\/bujinkanibiza.es\/index.php?rest_route=\/wp\/v2\/types\/page"}],"author":[{"embeddable":true,"href":"https:\/\/bujinkanibiza.es\/index.php?rest_route=\/wp\/v2\/users\/2"}],"replies":[{"embeddable":true,"href":"https:\/\/bujinkanibiza.es\/index.php?rest_route=%2Fwp%2Fv2%2Fcomments&post=2"}],"version-history":[{"count":57,"href":"https:\/\/bujinkanibiza.es\/index.php?rest_route=\/wp\/v2\/pages\/2\/revisions"}],"predecessor-version":[{"id":706,"href":"https:\/\/bujinkanibiza.es\/index.php?rest_route=\/wp\/v2\/pages\/2\/revisions\/706"}],"wp:attachment":[{"href":"https:\/\/bujinkanibiza.es\/index.php?rest_route=%2Fwp%2Fv2%2Fmedia&parent=2"}],"curies":[{"name":"wp","href":"https:\/\/api.w.org\/{rel}","templated":true}]}}