{"id":234,"date":"2021-12-27T23:03:49","date_gmt":"2021-12-27T23:03:49","guid":{"rendered":"https:\/\/bujinkanibiza.es\/wordpress\/?page_id=234"},"modified":"2021-12-27T23:07:04","modified_gmt":"2021-12-27T23:07:04","slug":"shikin-haramitsu-daikomyo","status":"publish","type":"page","link":"https:\/\/bujinkanibiza.es\/?page_id=234","title":{"rendered":"Shikin Haramitsu Daikomyo"},"content":{"rendered":"<p>[et_pb_section fb_built=\u00bb1&#8243; custom_padding_last_edited=\u00bboff|desktop\u00bb next_background_color=\u00bb#fbfcfd\u00bb admin_label=\u00bbHeader\u00bb _builder_version=\u00bb4.14.3&#8243; use_background_color_gradient=\u00bbon\u00bb background_color_gradient_start=\u00bbrgba(38,45,63,0.67)\u00bb background_color_gradient_end=\u00bb#262d3f\u00bb background_color_gradient_overlays_image=\u00bbon\u00bb background_image=\u00bbhttps:\/\/bujinkanibiza.es\/wordpress\/wp-content\/uploads\/2021\/12\/seiza-rei.gif\u00bb custom_padding=\u00bb10vw||10vw||true|false\u00bb custom_padding_tablet=\u00bb170px||50px|\u00bb bottom_divider_style=\u00bbramp\u00bb bottom_divider_height=\u00bb6vw\u00bb bottom_divider_flip=\u00bbhorizontal\u00bb hover_enabled=\u00bb0&#8243; global_colors_info=\u00bb{}\u00bb title_text=\u00bbseiza-rei\u00bb background_size=\u00bbcontain\u00bb sticky_enabled=\u00bb0&#8243;][et_pb_row _builder_version=\u00bb3.25&#8243; global_colors_info=\u00bb{}\u00bb][et_pb_column type=\u00bb4_4&#8243; _builder_version=\u00bb3.25&#8243; custom_padding=\u00bb|||\u00bb global_colors_info=\u00bb{}\u00bb custom_padding__hover=\u00bb|||\u00bb][et_pb_text admin_label=\u00bbTitle\u00bb _builder_version=\u00bb4.14.3&#8243; text_font=\u00bb||||||||\u00bb header_font=\u00bbOswald|700|on|on|||||\u00bb header_font_size=\u00bb4.9vw\u00bb header_letter_spacing=\u00bb0.18em\u00bb header_line_height=\u00bb1.4em\u00bb header_2_font=\u00bb||||||||\u00bb text_orientation=\u00bbcenter\u00bb background_layout=\u00bbdark\u00bb custom_margin=\u00bb||\u00bb custom_margin_tablet=\u00bb|||0vw\u00bb custom_margin_phone=\u00bb||0px\u00bb custom_margin_last_edited=\u00bboff|desktop\u00bb animation_style=\u00bbslide\u00bb animation_direction=\u00bbtop\u00bb animation_delay=\u00bb100ms\u00bb animation_intensity_slide=\u00bb10%\u00bb hover_enabled=\u00bb0&#8243; header_font_size_tablet=\u00bb7.5vw\u00bb header_font_size_phone=\u00bb\u00bb header_font_size_last_edited=\u00bbon|phone\u00bb header_text_shadow_style=\u00bbpreset3&#8243; header_text_shadow_blur_strength=\u00bb0.4em\u00bb header_text_shadow_color=\u00bbrgba(255,255,255,0.6)\u00bb global_colors_info=\u00bb{}\u00bb header_2_font_size__hover=\u00bb26px\u00bb header_2_font_size__hover_enabled=\u00bb26px\u00bb header_2_letter_spacing__hover=\u00bb0px\u00bb header_2_letter_spacing__hover_enabled=\u00bb0px\u00bb header_2_line_height__hover=\u00bb1em\u00bb header_2_line_height__hover_enabled=\u00bb1em\u00bb header_2_text_shadow_style__hover=\u00bbnone\u00bb header_2_text_shadow_style__hover_enabled=\u00bbnone\u00bb header_2_text_shadow_color__hover=\u00bbrgba(0,0,0,0.4)\u00bb header_2_text_shadow_color__hover_enabled=\u00bbrgba(0,0,0,0.4)\u00bb sticky_enabled=\u00bb0&#8243;]<\/p>\n<h1>Shikin Haramitsu daikomyo<\/h1>\n<p>[\/et_pb_text][\/et_pb_column][\/et_pb_row][\/et_pb_section][et_pb_section fb_built=\u00bb1&#8243; admin_label=\u00bbAbout\u00bb _builder_version=\u00bb3.22&#8243; background_color=\u00bb#fbfcfd\u00bb custom_padding=\u00bb0|0px|0px|0px|false|false\u00bb global_colors_info=\u00bb{}\u00bb][et_pb_row _builder_version=\u00bb3.25&#8243; custom_width_px__hover=\u00bb1080px\u00bb custom_width_px__hover_enabled=\u00bb1080px\u00bb custom_width_percent__hover=\u00bb80%\u00bb custom_width_percent__hover_enabled=\u00bb80%\u00bb global_colors_info=\u00bb{}\u00bb gutter_width__hover=\u00bb3&#8243; gutter_width__hover_enabled=\u00bb3&#8243; parallax_1__hover=\u00bboff\u00bb parallax_1__hover_enabled=\u00bboff\u00bb parallax_2__hover=\u00bboff\u00bb parallax_2__hover_enabled=\u00bboff\u00bb parallax_3__hover=\u00bboff\u00bb parallax_3__hover_enabled=\u00bboff\u00bb parallax_4__hover=\u00bboff\u00bb parallax_4__hover_enabled=\u00bboff\u00bb parallax_5__hover=\u00bboff\u00bb parallax_5__hover_enabled=\u00bboff\u00bb parallax_6__hover=\u00bboff\u00bb parallax_6__hover_enabled=\u00bboff\u00bb parallax_method_1__hover=\u00bbon\u00bb parallax_method_1__hover_enabled=\u00bbon\u00bb parallax_method_2__hover=\u00bbon\u00bb parallax_method_2__hover_enabled=\u00bbon\u00bb parallax_method_3__hover=\u00bbon\u00bb parallax_method_3__hover_enabled=\u00bbon\u00bb parallax_method_4__hover=\u00bbon\u00bb parallax_method_4__hover_enabled=\u00bbon\u00bb parallax_method_5__hover=\u00bbon\u00bb parallax_method_5__hover_enabled=\u00bbon\u00bb parallax_method_6__hover=\u00bbon\u00bb parallax_method_6__hover_enabled=\u00bbon\u00bb use_background_color_gradient__hover=\u00bboff\u00bb use_background_color_gradient__hover_enabled=\u00bboff\u00bb background_color_gradient_start__hover=\u00bb#2b87da\u00bb background_color_gradient_start__hover_enabled=\u00bb#2b87da\u00bb background_color_gradient_end__hover=\u00bb#29c4a9&#8243; background_color_gradient_end__hover_enabled=\u00bb#29c4a9&#8243; background_color_gradient_type__hover=\u00bblinear\u00bb background_color_gradient_type__hover_enabled=\u00bblinear\u00bb background_color_gradient_direction__hover=\u00bb180deg\u00bb background_color_gradient_direction__hover_enabled=\u00bb180deg\u00bb background_color_gradient_direction_radial__hover=\u00bbcenter\u00bb background_color_gradient_direction_radial__hover_enabled=\u00bbcenter\u00bb background_color_gradient_start_position__hover=\u00bb0%\u00bb background_color_gradient_start_position__hover_enabled=\u00bb0%\u00bb background_color_gradient_end_position__hover=\u00bb100%\u00bb background_color_gradient_end_position__hover_enabled=\u00bb100%\u00bb background_color_gradient_overlays_image__hover=\u00bboff\u00bb background_color_gradient_overlays_image__hover_enabled=\u00bboff\u00bb parallax__hover=\u00bboff\u00bb parallax__hover_enabled=\u00bboff\u00bb parallax_method__hover=\u00bbon\u00bb parallax_method__hover_enabled=\u00bbon\u00bb background_size__hover=\u00bbcover\u00bb background_size__hover_enabled=\u00bbcover\u00bb background_position__hover=\u00bbcenter\u00bb background_position__hover_enabled=\u00bbcenter\u00bb background_repeat__hover=\u00bbno-repeat\u00bb background_repeat__hover_enabled=\u00bbno-repeat\u00bb background_blend__hover=\u00bbnormal\u00bb background_blend__hover_enabled=\u00bbnormal\u00bb allow_player_pause__hover=\u00bboff\u00bb allow_player_pause__hover_enabled=\u00bboff\u00bb background_video_pause_outside_viewport__hover=\u00bbon\u00bb background_video_pause_outside_viewport__hover_enabled=\u00bbon\u00bb make_fullwidth__hover=\u00bboff\u00bb make_fullwidth__hover_enabled=\u00bboff\u00bb use_custom_width__hover=\u00bboff\u00bb use_custom_width__hover_enabled=\u00bboff\u00bb width_unit__hover=\u00bbon\u00bb width_unit__hover_enabled=\u00bbon\u00bb use_custom_gutter__hover=\u00bboff\u00bb use_custom_gutter__hover_enabled=\u00bboff\u00bb make_equal__hover=\u00bboff\u00bb make_equal__hover_enabled=\u00bboff\u00bb border_radii__hover=\u00bbon||||\u00bb border_radii__hover_enabled=\u00bbon||||\u00bb box_shadow_style__hover=\u00bbnone\u00bb box_shadow_style__hover_enabled=\u00bbnone\u00bb box_shadow_color__hover=\u00bbrgba(0,0,0,0.3)\u00bb box_shadow_color__hover_enabled=\u00bbrgba(0,0,0,0.3)\u00bb filter_hue_rotate__hover=\u00bb0deg\u00bb filter_hue_rotate__hover_enabled=\u00bb0deg\u00bb filter_saturate__hover=\u00bb100%\u00bb filter_saturate__hover_enabled=\u00bb100%\u00bb filter_brightness__hover=\u00bb100%\u00bb filter_brightness__hover_enabled=\u00bb100%\u00bb filter_contrast__hover=\u00bb100%\u00bb filter_contrast__hover_enabled=\u00bb100%\u00bb filter_invert__hover=\u00bb0%\u00bb filter_invert__hover_enabled=\u00bb0%\u00bb filter_sepia__hover=\u00bb0%\u00bb filter_sepia__hover_enabled=\u00bb0%\u00bb filter_opacity__hover=\u00bb100%\u00bb filter_opacity__hover_enabled=\u00bb100%\u00bb filter_blur__hover=\u00bb0px\u00bb filter_blur__hover_enabled=\u00bb0px\u00bb mix_blend_mode__hover=\u00bbnormal\u00bb mix_blend_mode__hover_enabled=\u00bbnormal\u00bb animation_style__hover=\u00bbnone\u00bb animation_style__hover_enabled=\u00bbnone\u00bb animation_repeat__hover=\u00bbonce\u00bb animation_repeat__hover_enabled=\u00bbonce\u00bb animation_direction__hover=\u00bbcenter\u00bb animation_direction__hover_enabled=\u00bbcenter\u00bb animation_duration__hover=\u00bb1000ms\u00bb animation_duration__hover_enabled=\u00bb1000ms\u00bb animation_delay__hover=\u00bb0ms\u00bb animation_delay__hover_enabled=\u00bb0ms\u00bb animation_intensity_slide__hover=\u00bb50%\u00bb animation_intensity_slide__hover_enabled=\u00bb50%\u00bb animation_intensity_zoom__hover=\u00bb50%\u00bb animation_intensity_zoom__hover_enabled=\u00bb50%\u00bb animation_intensity_flip__hover=\u00bb50%\u00bb animation_intensity_flip__hover_enabled=\u00bb50%\u00bb animation_intensity_fold__hover=\u00bb50%\u00bb animation_intensity_fold__hover_enabled=\u00bb50%\u00bb animation_intensity_roll__hover=\u00bb50%\u00bb animation_intensity_roll__hover_enabled=\u00bb50%\u00bb animation_starting_opacity__hover=\u00bb0%\u00bb animation_starting_opacity__hover_enabled=\u00bb0%\u00bb animation_speed_curve__hover=\u00bbease-in-out\u00bb animation_speed_curve__hover_enabled=\u00bbease-in-out\u00bb hover_transition_duration__hover=\u00bb300ms\u00bb hover_transition_duration__hover_enabled=\u00bb300ms\u00bb hover_transition_delay__hover=\u00bb0ms\u00bb hover_transition_delay__hover_enabled=\u00bb0ms\u00bb hover_transition_speed_curve__hover=\u00bbease\u00bb hover_transition_speed_curve__hover_enabled=\u00bbease\u00bb][et_pb_column type=\u00bb4_4&#8243; _builder_version=\u00bb3.25&#8243; custom_padding=\u00bb|||\u00bb global_colors_info=\u00bb{}\u00bb custom_padding__hover=\u00bb|||\u00bb][et_pb_text _builder_version=\u00bb4.14.3&#8243; text_font=\u00bbOswald||on||||||\u00bb text_text_color=\u00bb#2a2a2a\u00bb text_font_size=\u00bb22px\u00bb text_line_height=\u00bb2em\u00bb animation_style=\u00bbfold\u00bb animation_direction=\u00bbleft\u00bb animation_intensity_fold=\u00bb5%\u00bb animation_starting_opacity=\u00bb100%\u00bb hover_enabled=\u00bb0&#8243; locked=\u00bboff\u00bb global_colors_info=\u00bb{}\u00bb sticky_enabled=\u00bb0&#8243;]<\/p>\n<p class=\"p-description-pages\">\u00abShikin Haramitsu Daykomio\u00bb: Que cada experiencia del d\u00eda de hoy sea un paso m\u00e1s que nos acerque al conocimiento y la iluminaci\u00f3n que buscamos El Shikin Haramitsu Daikomyo es una frase de 9 s\u00edlabas que se dice al comienzo y al final de cada clase al juntar las manos, luego acompa\u00f1ado de dos aplausos, una reverencia, un aplauso y otra reverencia. Parece ser que esta frase fue trasmitida a Hatsumi Sensei por su maestro Takamatsu Toshitsugu y pertenece al linaje de los S\u00f3ke que forman la Bujinkan. Esto tiene que ver con el Seishin Teki Kyoyo que consiste en el refinamiento espiritual a trav\u00e9s de las Artes Marciales para ser Seres Humanos \u00edntegros. Aunque esta frase se encuentre sumamente ligado con una influencia Budista, no significa que el repetir esta frase uno deba ser Budista o perteneciente a una religi\u00f3n en s\u00ed. La Bujinkan tiene una visi\u00f3n abierta y de ninguna forma busca influir en algo doctrinal, sino al contrario, llevar al desarrollo de seres humanos libres y capaces de trascender por ellos mismos. Por favor tomar esto como un medio y no como una forma r\u00edgida de auto- realizarte.<\/p>\n<div class=\"col-md-6\">\n<div class=\"thumbnail explanatory-page\"><\/div>\n<\/div>\n<p>[\/et_pb_text][et_pb_text _builder_version=\u00bb3.27.4&#8243; text_line_height=\u00bb2em\u00bb animation_style=\u00bbfold\u00bb animation_direction=\u00bbleft\u00bb animation_intensity_fold=\u00bb5%\u00bb animation_starting_opacity=\u00bb100%\u00bb locked=\u00bboff\u00bb global_colors_info=\u00bb{}\u00bb][\/et_pb_text][\/et_pb_column][\/et_pb_row][et_pb_row column_structure=\u00bb1_3,1_3,1_3&#8243; _builder_version=\u00bb3.25&#8243; global_colors_info=\u00bb{}\u00bb custom_padding=\u00bb||0px|||\u00bb][et_pb_column type=\u00bb1_3&#8243; _builder_version=\u00bb3.25&#8243; custom_padding=\u00bb|||\u00bb global_colors_info=\u00bb{}\u00bb custom_padding__hover=\u00bb|||\u00bb][et_pb_image align_tablet=\u00bbcenter\u00bb align_phone=\u00bbcenter\u00bb align_last_edited=\u00bbon|desktop\u00bb _builder_version=\u00bb4.14.3&#8243; animation_style=\u00bbfade\u00bb animation_direction=\u00bbtop\u00bb hover_enabled=\u00bb0&#8243; border_radii=\u00bb|5vw|||\u00bb box_shadow_style=\u00bbpreset3&#8243; box_shadow_vertical=\u00bb72px\u00bb box_shadow_blur=\u00bb130px\u00bb box_shadow_spread=\u00bb-32px\u00bb box_shadow_color=\u00bbrgba(149,173,193,0.55)\u00bb locked=\u00bboff\u00bb global_colors_info=\u00bb{}\u00bb box_shadow_color__hover=\u00bbrgba(149,173,193,0.29)\u00bb box_shadow_blur__hover=\u00bb120px\u00bb sticky_enabled=\u00bb0&#8243; custom_padding=\u00bb0px|||||\u00bb][\/et_pb_image][et_pb_text admin_label=\u00bbTitle\u00bb _builder_version=\u00bb4.14.3&#8243; text_line_height=\u00bb2em\u00bb header_font=\u00bb||||||||\u00bb header_4_font=\u00bbOswald|700|on|on|||||\u00bb header_4_letter_spacing=\u00bb3px\u00bb custom_margin=\u00bb10px||10px|\u00bb animation_direction=\u00bbleft\u00bb hover_enabled=\u00bb0&#8243; locked=\u00bboff\u00bb global_colors_info=\u00bb{}\u00bb sticky_enabled=\u00bb0&#8243; min_height=\u00bb374px\u00bb]<\/p>\n<h4>Shikin<\/h4>\n<div class=\"col-md-6\">\n<div class=\"thumbnail explanatory-page\">\n<p>Se refiere a la sensaci\u00f3n y armon\u00eda percibida por el o\u00eddo y el coraz\u00f3n. Desde el o\u00eddo llegamos a la percepci\u00f3n de la vibraci\u00f3n del sonido, despertando ciertas sensaciones a un nivel muy sutil de armon\u00eda en un estado de conciencia entre las polaridades opuestas (In\/Yo, Yin\/Yang, Sol\/Luna, Hombre\/Mujer, Felicidad\/Tristeza) se puede percibir la totalidad de las cosas rompiendo la visi\u00f3n dualista para llegar a la realidad \u00faltima del Universo.<\/p>\n<\/div>\n<\/div>\n<div class=\"col-md-6\">\n<div class=\"thumbnail explanatory-page\"><\/div>\n<\/div>\n<p>[\/et_pb_text][\/et_pb_column][et_pb_column type=\u00bb1_3&#8243; _builder_version=\u00bb3.25&#8243; custom_padding=\u00bb|||\u00bb global_colors_info=\u00bb{}\u00bb custom_padding__hover=\u00bb|||\u00bb][et_pb_text admin_label=\u00bbTitle\u00bb _builder_version=\u00bb4.14.3&#8243; text_line_height=\u00bb2em\u00bb header_font=\u00bb||||||||\u00bb header_4_font=\u00bbOswald|700|on|on|||||\u00bb header_4_letter_spacing=\u00bb3px\u00bb custom_margin=\u00bb10px||10px|\u00bb animation_direction=\u00bbleft\u00bb hover_enabled=\u00bb0&#8243; locked=\u00bboff\u00bb global_colors_info=\u00bb{}\u00bb sticky_enabled=\u00bb0&#8243;]<\/p>\n<h4><\/h4>\n<h4><\/h4>\n<h4>Haramitsu<\/h4>\n<div class=\"col-md-6\">\n<div class=\"thumbnail explanatory-page\">\n<p>Esto tambi\u00e9n es conocido en el S\u00e1nscrito como P\u00e1ramit\u00e1 (cruzar a la otra orilla). Es uno de los medios para llegar a trav\u00e9s de seis disciplinas a un estado llamado Satori (iluminaci\u00f3n) yendo m\u00e1s all\u00e1 de la vida y la muerte. Las seis disciplinas son: Ofrenda, Moralidad, Paciencia, Esfuerzo, Concentraci\u00f3n y Juicio Correcto (sabidur\u00eda &#8211; Prajn\u00e1). La idea de Hatsumi Sensei es promover la Sinceridad, la Lealtad y la Honestidad en las Artes Marciales Bujinkan D\u00f3j\u00f3, y esto hacerlo extensible al resto de nuestras actividades. En Jap\u00f3n las semanas de Higan es en primavera y oto\u00f1o cuando m\u00e1s \u00e9nfasis se hace en la practica de estas seis disciplinas.<\/p>\n<\/div>\n<\/div>\n<div class=\"col-md-6\">\n<div class=\"thumbnail explanatory-page\"><\/div>\n<\/div>\n<p>[\/et_pb_text][\/et_pb_column][et_pb_column type=\u00bb1_3&#8243; _builder_version=\u00bb3.25&#8243; custom_padding=\u00bb|||\u00bb global_colors_info=\u00bb{}\u00bb custom_padding__hover=\u00bb|||\u00bb][et_pb_text admin_label=\u00bbTitle\u00bb _builder_version=\u00bb4.14.3&#8243; text_line_height=\u00bb2em\u00bb header_font=\u00bb||||||||\u00bb header_4_font=\u00bbOswald|700|on|on|||||\u00bb header_4_letter_spacing=\u00bb3px\u00bb custom_margin=\u00bb10px||10px|\u00bb animation_direction=\u00bbleft\u00bb hover_enabled=\u00bb0&#8243; locked=\u00bboff\u00bb global_colors_info=\u00bb{}\u00bb sticky_enabled=\u00bb0&#8243;]<\/p>\n<h4>daikomyo<\/h4>\n<p style=\"text-align: left;\">En el Budismo se refiere al gran resplandor. Es la v\u00eda de los Bodhisattva (Entidades iluminadas) para la liberaci\u00f3n del sufrimiento propio y ajeno. El Daikomyo brota desde el centro del vac\u00edo y vuelve hac\u00eda su esencia llevando a un concepto de forma y no forma como lo mismo.En el Bud\u00f3 es la iluminaci\u00f3n desde nuestro interior hac\u00eda el exterior y contrariamente igual. La luz del coraz\u00f3n se manifiesta en los planos fisicos (Taijutsu) despertando a la luz de un coraz\u00f3n ben\u00e9volo (Ko no Kokoro).<\/p>\n<div class=\"col-md-6\">\n<div class=\"thumbnail explanatory-page\">\n<div class=\"container\">\n<div class=\"row\">\n<p><a href=\"https:\/\/www.bujinkanibiza.es\/introduccion\" class=\"btn btn-budo contact btn-block\"><i class=\"fa fa-reply\" aria-hidden=\"true\"><\/i><span>\u00a0<\/span><\/a><\/p>\n<\/div>\n<\/div>\n<div class=\"container footer-margin\">\n<div class=\"row\">\n<div class=\"col-md-3\"><\/div>\n<\/div>\n<\/div>\n<\/div>\n<\/div>\n<div class=\"col-md-6\">\n<div class=\"thumbnail explanatory-page\"><\/div>\n<\/div>\n<p>[\/et_pb_text][et_pb_text admin_label=\u00bbTitle\u00bb _builder_version=\u00bb4.14.3&#8243; text_line_height=\u00bb2em\u00bb header_font=\u00bb||||||||\u00bb header_4_font=\u00bbOswald|700|on|on|||||\u00bb header_4_letter_spacing=\u00bb3px\u00bb custom_margin=\u00bb10px||10px|\u00bb animation_direction=\u00bbleft\u00bb hover_enabled=\u00bb0&#8243; locked=\u00bboff\u00bb global_colors_info=\u00bb{}\u00bb sticky_enabled=\u00bb0&#8243;]<\/p>\n<h4><\/h4>\n<h4><\/h4>\n<div class=\"container\">\n<div class=\"row\">\n<p><a href=\"https:\/\/www.bujinkanibiza.es\/introduccion\" class=\"btn btn-budo contact btn-block\"><i class=\"fa fa-reply\" aria-hidden=\"true\"><\/i><span>\u00a0<\/span><\/a><\/p>\n<\/div>\n<\/div>\n<div class=\"container footer-margin\">\n<div class=\"row\">\n<div class=\"col-md-3\"><\/div>\n<\/div>\n<\/div>\n<p>[\/et_pb_text][\/et_pb_column][\/et_pb_row][\/et_pb_section]<\/p>\n","protected":false},"excerpt":{"rendered":"<p>Shikin Haramitsu daikomyo\u00bbShikin Haramitsu Daykomio\u00bb: Que cada experiencia del d\u00eda de hoy sea un paso m\u00e1s que nos acerque al conocimiento y la iluminaci\u00f3n que buscamos El Shikin Haramitsu Daikomyo es una frase de 9 s\u00edlabas que se dice al comienzo y al final de cada clase al juntar las manos, luego acompa\u00f1ado de dos [&hellip;]<\/p>\n","protected":false},"author":2,"featured_media":0,"parent":0,"menu_order":0,"comment_status":"closed","ping_status":"closed","template":"","meta":{"_et_pb_use_builder":"on","_et_pb_old_content":"","_et_gb_content_width":"","footnotes":""},"class_list":["post-234","page","type-page","status-publish","hentry"],"_links":{"self":[{"href":"https:\/\/bujinkanibiza.es\/index.php?rest_route=\/wp\/v2\/pages\/234","targetHints":{"allow":["GET"]}}],"collection":[{"href":"https:\/\/bujinkanibiza.es\/index.php?rest_route=\/wp\/v2\/pages"}],"about":[{"href":"https:\/\/bujinkanibiza.es\/index.php?rest_route=\/wp\/v2\/types\/page"}],"author":[{"embeddable":true,"href":"https:\/\/bujinkanibiza.es\/index.php?rest_route=\/wp\/v2\/users\/2"}],"replies":[{"embeddable":true,"href":"https:\/\/bujinkanibiza.es\/index.php?rest_route=%2Fwp%2Fv2%2Fcomments&post=234"}],"version-history":[{"count":3,"href":"https:\/\/bujinkanibiza.es\/index.php?rest_route=\/wp\/v2\/pages\/234\/revisions"}],"predecessor-version":[{"id":247,"href":"https:\/\/bujinkanibiza.es\/index.php?rest_route=\/wp\/v2\/pages\/234\/revisions\/247"}],"wp:attachment":[{"href":"https:\/\/bujinkanibiza.es\/index.php?rest_route=%2Fwp%2Fv2%2Fmedia&parent=234"}],"curies":[{"name":"wp","href":"https:\/\/api.w.org\/{rel}","templated":true}]}}