{"id":248,"date":"2021-12-27T23:29:23","date_gmt":"2021-12-27T23:29:23","guid":{"rendered":"https:\/\/bujinkanibiza.es\/wordpress\/?page_id=248"},"modified":"2022-02-06T16:51:17","modified_gmt":"2022-02-06T16:51:17","slug":"ensenanzas-de-soke-masaaki-hatsumi","status":"publish","type":"page","link":"https:\/\/bujinkanibiza.es\/?page_id=248","title":{"rendered":"Ense\u00f1anzas de Soke Masaaki Hatsumi"},"content":{"rendered":"<p>[et_pb_section fb_built=\u00bb1&#8243; _builder_version=\u00bb4.14.3&#8243; _module_preset=\u00bbdefault\u00bb global_colors_info=\u00bb{}\u00bb][et_pb_row _builder_version=\u00bb4.14.3&#8243; _module_preset=\u00bbdefault\u00bb global_colors_info=\u00bb{}\u00bb][et_pb_column type=\u00bb4_4&#8243; _builder_version=\u00bb4.14.3&#8243; _module_preset=\u00bbdefault\u00bb global_colors_info=\u00bb{}\u00bb][et_pb_accordion _builder_version=\u00bb4.14.3&#8243; _module_preset=\u00bbdefault\u00bb hover_enabled=\u00bb0&#8243; global_colors_info=\u00bb{}\u00bb sticky_enabled=\u00bb0&#8243;][et_pb_accordion_item title=\u00bbEnse\u00f1anzas del Soke Masaaki Hatsumi\u00bb open_toggle_text_color=\u00bb#000000&#8243; _builder_version=\u00bb4.14.3&#8243; _module_preset=\u00bbdefault\u00bb text_orientation=\u00bbcenter\u00bb hover_enabled=\u00bb0&#8243; global_colors_info=\u00bb{}\u00bb toggle_level=\u00bbh1&#8243; toggle_font_size=\u00bb27px\u00bb open=\u00bbon\u00bb sticky_enabled=\u00bb0&#8243; width=\u00bb100%\u00bb module_alignment=\u00bbcenter\u00bb toggle_text_color=\u00bb#FFFFFF\u00bb toggle_font=\u00bb||||||||\u00bb toggle_text_align=\u00bbcenter\u00bb toggle_letter_spacing=\u00bb0px\u00bb transform_scale=\u00bb114%|114%\u00bb][\/et_pb_accordion_item][et_pb_accordion_item title=\u00bb10\u00ba KYU\u00bb _builder_version=\u00bb4.14.3&#8243; _module_preset=\u00bbdefault\u00bb global_colors_info=\u00bb{}\u00bb open=\u00bboff\u00bb]<\/p>\n<div class=\"panel panel-default\">\n<div id=\"collapseOne\" class=\"panel-collapse collapse in\" role=\"tabpanel\" aria-labelledby=\"headingOne\" aria-expanded=\"true\">\n<h3 class=\"panel-body\" style=\"text-align: center;\">El taijutsu es muy libre con sus movimientos; nada es fijo. No existe lo fuerte o lo d\u00e9bil. Lo m\u00e1s importante es sobrevivir.<\/h3>\n<\/div>\n<\/div>\n<div class=\"panel panel-default\">\n<div class=\"panel-heading\" role=\"tab\" id=\"headingTwo\"><\/div>\n<\/div>\n<p>[\/et_pb_accordion_item][et_pb_accordion_item title=\u00bb9\u00ba KYU\u00bb _builder_version=\u00bb4.14.3&#8243; _module_preset=\u00bbdefault\u00bb global_colors_info=\u00bb{}\u00bb open=\u00bboff\u00bb]<\/p>\n<div class=\"panel panel-default\">\n<div id=\"collapseTwo\" class=\"panel-collapse collapse in\" role=\"tabpanel\" aria-labelledby=\"headingTwo\" aria-expanded=\"true\">\n<h3 class=\"panel-body\" style=\"text-align: center;\">Mira todo lo que est\u00e1 alrededor tuyo no solo al oponente.<\/h3>\n<\/div>\n<\/div>\n<div class=\"panel panel-default\">\n<div class=\"panel-heading\" role=\"tab\" id=\"headingThree\"><\/div>\n<\/div>\n<p>[\/et_pb_accordion_item][et_pb_accordion_item title=\u00bb8\u00ba KYU\u00bb _builder_version=\u00bb4.14.3&#8243; _module_preset=\u00bbdefault\u00bb global_colors_info=\u00bb{}\u00bb open=\u00bboff\u00bb]<\/p>\n<div class=\"panel panel-default\">\n<div id=\"collapseThree\" class=\"panel-collapse collapse in\" role=\"tabpanel\" aria-labelledby=\"headingThree\" aria-expanded=\"true\">\n<h3 class=\"panel-body\" style=\"text-align: center;\">El taijutsu es infinito.<\/h3>\n<\/div>\n<\/div>\n<div class=\"panel panel-default\">\n<div class=\"panel-heading\" role=\"tab\" id=\"headingFour\"><\/div>\n<\/div>\n<p>[\/et_pb_accordion_item][et_pb_accordion_item title=\u00bb7\u00ba KYU\u00bb _builder_version=\u00bb4.14.3&#8243; _module_preset=\u00bbdefault\u00bb global_colors_info=\u00bb{}\u00bb open=\u00bboff\u00bb]<\/p>\n<div class=\"panel panel-default\">\n<div id=\"collapseFour\" class=\"panel-collapse collapse in\" role=\"tabpanel\" aria-labelledby=\"headingFour\" aria-expanded=\"true\">\n<h3 class=\"panel-body\" style=\"text-align: center;\">La mano se mueve con el cuerpo.<\/h3>\n<\/div>\n<\/div>\n<div class=\"panel panel-default\">\n<div class=\"panel-heading\" role=\"tab\" id=\"headingFive\"><\/div>\n<\/div>\n<p>[\/et_pb_accordion_item][et_pb_accordion_item title=\u00bb6\u00ba KYU\u00bb _builder_version=\u00bb4.14.3&#8243; _module_preset=\u00bbdefault\u00bb global_colors_info=\u00bb{}\u00bb open=\u00bboff\u00bb]<\/p>\n<div class=\"panel panel-default\">\n<div id=\"collapseFive\" class=\"panel-collapse collapse in\" role=\"tabpanel\" aria-labelledby=\"headingFive\" aria-expanded=\"true\">\n<h3 class=\"panel-body\" style=\"text-align: center;\">Usa tu cuerpo para golpear, no solo el poder de tu brazo, al menos que seas extremadamente fuerte. Utiliza la columna vertebral y tu cuerpo.<\/h3>\n<\/div>\n<\/div>\n<div class=\"panel panel-default\">\n<div class=\"panel-heading\" role=\"tab\" id=\"headingSix\"><\/div>\n<\/div>\n<p>[\/et_pb_accordion_item][et_pb_accordion_item title=\u00bb5\u00ba KYU\u00bb _builder_version=\u00bb4.14.3&#8243; _module_preset=\u00bbdefault\u00bb global_colors_info=\u00bb{}\u00bb open=\u00bboff\u00bb]<\/p>\n<div class=\"panel panel-default\">\n<div id=\"collapseSix\" class=\"panel-collapse collapse in\" role=\"tabpanel\" aria-labelledby=\"headingSix\" aria-expanded=\"true\">\n<h3 class=\"panel-body\" style=\"text-align: center;\">Para proyectar a alguien hay que controlar el kukan. Ll\u00e9valo al punto en el cual es m\u00e1s f\u00e1cil proyectarlo. Cuando proyectes a alguien ll\u00e9valo al punto donde el caiga f\u00e1cilmente. De esta forma el oponente, casi se proyecta as\u00ed mismo. Por favor juega con el kukan para descubrir este punto.<\/h3>\n<\/div>\n<\/div>\n<div class=\"panel panel-default\">\n<div class=\"panel-heading\" role=\"tab\" id=\"headingSeven\"><\/div>\n<\/div>\n<p>[\/et_pb_accordion_item][et_pb_accordion_item title=\u00bb4\u00ba KYU\u00bb open=\u00bboff\u00bb _builder_version=\u00bb4.14.3&#8243; _module_preset=\u00bbdefault\u00bb global_colors_info=\u00bb{}\u00bb]<\/p>\n<div class=\"panel panel-default\">\n<div id=\"collapseSeven\" class=\"panel-collapse collapse in\" role=\"tabpanel\" aria-labelledby=\"headingSeven\" aria-expanded=\"true\">\n<h3 class=\"panel-body\" style=\"text-align: center;\">Tienes que aprender a usar el espacio entre tu oponente y tu. La distancia es muy importante.<\/h3>\n<\/div>\n<\/div>\n<div class=\"panel panel-default\">\n<div class=\"panel-heading\" role=\"tab\" id=\"headingHeight\"><\/div>\n<\/div>\n<p>[\/et_pb_accordion_item][et_pb_accordion_item title=\u00bb3\u00ba KYU\u00bb _builder_version=\u00bb4.14.3&#8243; _module_preset=\u00bbdefault\u00bb global_colors_info=\u00bb{}\u00bb open=\u00bboff\u00bb]<\/p>\n<div class=\"panel panel-default\">\n<div id=\"collapseHeight\" class=\"panel-collapse collapse in\" role=\"tabpanel\" aria-labelledby=\"headingHeight\" aria-expanded=\"true\">\n<h3 class=\"panel-body\" style=\"text-align: center;\">Existen muchos tipos de patadas, patadas caminando, patadas saltando, patadas naturales y muchas m\u00e1s. No obstante, todas incorporan los mismos principios. Debes entender este punto. Debes entender, tambi\u00e9n, las cosas que pueden afectar tus patadas. Podr\u00edas estar en una carretera de arena, podr\u00eda haber obst\u00e1culos alrededor de tus pies, como rocas e incluso una superficie deslizante como hielo. Es muy importante entender estas potencialidades cuando entrenas.<\/h3>\n<\/div>\n<\/div>\n<div class=\"panel panel-default\">\n<div class=\"panel-heading\" role=\"tab\" id=\"headingNine\"><\/div>\n<\/div>\n<p>[\/et_pb_accordion_item][et_pb_accordion_item title=\u00bb2\u00ba KYU\u00bb _builder_version=\u00bb4.14.3&#8243; _module_preset=\u00bbdefault\u00bb global_colors_info=\u00bb{}\u00bb open=\u00bboff\u00bb]<\/p>\n<div class=\"panel panel-default\">\n<div id=\"collapseNine\" class=\"panel-collapse collapse in\" role=\"tabpanel\" aria-labelledby=\"headingNine\" aria-expanded=\"true\">\n<h3 class=\"panel-body\" style=\"text-align: center;\">No solo estas combatiendo con un enemigo. Estas combatiendo con lo desconocido.<\/h3>\n<\/div>\n<\/div>\n<div class=\"panel panel-default\">\n<div class=\"panel-heading\" role=\"tab\" id=\"headingTen\"><\/div>\n<\/div>\n<p>[\/et_pb_accordion_item][et_pb_accordion_item title=\u00bb1\u00ba KYU\u00bb _builder_version=\u00bb4.14.3&#8243; _module_preset=\u00bbdefault\u00bb global_colors_info=\u00bb{}\u00bb open=\u00bboff\u00bb]<\/p>\n<div class=\"container\">\n<div class=\"row\">\n<div class=\"panel-group\" id=\"accordion\" role=\"tablist\" aria-multiselectable=\"true\">\n<div class=\"panel panel-default\">\n<div id=\"collapseTen\" class=\"panel-collapse collapse in\" role=\"tabpanel\" aria-labelledby=\"headingTen\" aria-expanded=\"true\">\n<h3 class=\"panel-body\" style=\"text-align: center;\">No solo estas combatiendo con un enemigo. Estas combatiendo con lo desconocido.<\/h3>\n<\/div>\n<\/div>\n<\/div>\n<\/div>\n<\/div>\n<p>[\/et_pb_accordion_item][\/et_pb_accordion][\/et_pb_column][\/et_pb_row][\/et_pb_section]<\/p>\n","protected":false},"excerpt":{"rendered":"<p>El taijutsu es muy libre con sus movimientos; nada es fijo. No existe lo fuerte o lo d\u00e9bil. Lo m\u00e1s importante es sobrevivir. Mira todo lo que est\u00e1 alrededor tuyo no solo al oponente. El taijutsu es infinito. La mano se mueve con el cuerpo. Usa tu cuerpo para golpear, no solo el poder de [&hellip;]<\/p>\n","protected":false},"author":2,"featured_media":0,"parent":0,"menu_order":0,"comment_status":"closed","ping_status":"closed","template":"","meta":{"_et_pb_use_builder":"on","_et_pb_old_content":"","_et_gb_content_width":"","footnotes":""},"class_list":["post-248","page","type-page","status-publish","hentry"],"_links":{"self":[{"href":"https:\/\/bujinkanibiza.es\/index.php?rest_route=\/wp\/v2\/pages\/248","targetHints":{"allow":["GET"]}}],"collection":[{"href":"https:\/\/bujinkanibiza.es\/index.php?rest_route=\/wp\/v2\/pages"}],"about":[{"href":"https:\/\/bujinkanibiza.es\/index.php?rest_route=\/wp\/v2\/types\/page"}],"author":[{"embeddable":true,"href":"https:\/\/bujinkanibiza.es\/index.php?rest_route=\/wp\/v2\/users\/2"}],"replies":[{"embeddable":true,"href":"https:\/\/bujinkanibiza.es\/index.php?rest_route=%2Fwp%2Fv2%2Fcomments&post=248"}],"version-history":[{"count":4,"href":"https:\/\/bujinkanibiza.es\/index.php?rest_route=\/wp\/v2\/pages\/248\/revisions"}],"predecessor-version":[{"id":577,"href":"https:\/\/bujinkanibiza.es\/index.php?rest_route=\/wp\/v2\/pages\/248\/revisions\/577"}],"wp:attachment":[{"href":"https:\/\/bujinkanibiza.es\/index.php?rest_route=%2Fwp%2Fv2%2Fmedia&parent=248"}],"curies":[{"name":"wp","href":"https:\/\/api.w.org\/{rel}","templated":true}]}}