{"id":60,"date":"2021-12-23T09:04:25","date_gmt":"2021-12-23T09:04:25","guid":{"rendered":"https:\/\/bujinkanibiza.es\/wordpress\/?page_id=60"},"modified":"2021-12-23T16:05:09","modified_gmt":"2021-12-23T16:05:09","slug":"2o-kyu-ni-kyu-azul","status":"publish","type":"page","link":"https:\/\/bujinkanibiza.es\/?page_id=60","title":{"rendered":"2\u00ba KYU (NI KYU) &#8211; AZUL\/MARRON"},"content":{"rendered":"<p>[et_pb_section fb_built=\u00bb1&#8243; fullwidth=\u00bbon\u00bb _builder_version=\u00bb4.14.3&#8243; background_color=\u00bb#2ea3f2&#8243; use_background_color_gradient=\u00bbon\u00bb background_color_gradient_start=\u00bb#0c71c3&#8243; background_color_gradient_end=\u00bb#873c00&#8243; background_color_gradient_direction=\u00bb330deg\u00bb hover_enabled=\u00bb0&#8243; global_colors_info=\u00bb{}\u00bb theme_builder_area=\u00bbpost_content\u00bb sticky_enabled=\u00bb0&#8243;][et_pb_fullwidth_header title=\u00bb2\u00ba KYU (NI KYU) AZUL\/MARR\u00d3N\u00bb text_orientation=\u00bbcenter\u00bb _builder_version=\u00bb4.14.3&#8243; title_font=\u00bb||||||||\u00bb background_color=\u00bbrgba(255, 255, 255, 0)\u00bb hover_enabled=\u00bb0&#8243; global_colors_info=\u00bb{}\u00bb button_one_text_size__hover_enabled=\u00bboff\u00bb button_two_text_size__hover_enabled=\u00bboff\u00bb button_one_text_color__hover_enabled=\u00bboff\u00bb button_two_text_color__hover_enabled=\u00bboff\u00bb button_one_border_width__hover_enabled=\u00bboff\u00bb button_two_border_width__hover_enabled=\u00bboff\u00bb button_one_border_color__hover_enabled=\u00bboff\u00bb button_two_border_color__hover_enabled=\u00bboff\u00bb button_one_border_radius__hover_enabled=\u00bboff\u00bb button_two_border_radius__hover_enabled=\u00bboff\u00bb button_one_letter_spacing__hover_enabled=\u00bboff\u00bb button_two_letter_spacing__hover_enabled=\u00bboff\u00bb button_one_bg_color__hover_enabled=\u00bboff\u00bb button_two_bg_color__hover_enabled=\u00bboff\u00bb theme_builder_area=\u00bbpost_content\u00bb sticky_enabled=\u00bb0&#8243;][\/et_pb_fullwidth_header][\/et_pb_section][et_pb_section fb_built=\u00bb1&#8243; _builder_version=\u00bb3.22&#8243; custom_margin=\u00bb-38px|||||\u00bb global_colors_info=\u00bb{}\u00bb theme_builder_area=\u00bbpost_content\u00bb][et_pb_row _builder_version=\u00bb4.14.3&#8243; _module_preset=\u00bbdefault\u00bb global_colors_info=\u00bb{}\u00bb theme_builder_area=\u00bbpost_content\u00bb][et_pb_column type=\u00bb4_4&#8243; _builder_version=\u00bb4.14.3&#8243; _module_preset=\u00bbdefault\u00bb global_colors_info=\u00bb{}\u00bb theme_builder_area=\u00bbpost_content\u00bb][et_pb_text _builder_version=\u00bb4.14.3&#8243; _module_preset=\u00bbdefault\u00bb hover_enabled=\u00bb0&#8243; box_shadow_style=\u00bbpreset1&#8243; global_colors_info=\u00bb{}\u00bb theme_builder_area=\u00bbpost_content\u00bb sticky_enabled=\u00bb0&#8243;]<\/p>\n<p class=\"p1\" style=\"padding-left: 160px;\">\n<p class=\"p1\" style=\"padding-left: 160px;\">\n<p class=\"p1\" style=\"padding-left: 160px;\">\n<p class=\"p1\" style=\"padding-left: 160px;\">\n<p class=\"p1\" style=\"padding-left: 160px;\">\n<p class=\"p1\" style=\"padding-left: 160px;\">ROKUSHAKU-BO-JUTSU<\/p>\n<p class=\"p1\" style=\"padding-left: 160px;\">El Bo mide 6 pies o 1 metro y 80 cent\u00edmetros<\/p>\n<p class=\"p1\" style=\"padding-left: 160px;\">1-UKEMIS: ca\u00eddas<\/p>\n<p class=\"p1\" style=\"padding-left: 160px;\">Zempo ukemi: ca\u00edda hacia delante<\/p>\n<p class=\"p1\" style=\"padding-left: 160px;\">ryote, katate. Practicar por la derecha (migi) y por la izquierda (hidari).<\/p>\n<p class=\"p1\" style=\"padding-left: 160px;\">Sokuho ukemi: ca\u00edda de lado<\/p>\n<p class=\"p1\" style=\"padding-left: 160px;\">katate y mute. Practicar por la derecha (migi) y por la izquierda (hidari).<\/p>\n<p class=\"p1\" style=\"padding-left: 160px;\">Koho ukemi : ca\u00edda hacia atr\u00e1s<\/p>\n<p class=\"p1\" style=\"padding-left: 160px;\">ryote y mute. Practicar por la derecha (migi) y por la izquierda (hidari).<\/p>\n<p class=\"p1\" style=\"padding-left: 160px;\">2-KAITEN: rodamientos<\/p>\n<p class=\"p1\" style=\"padding-left: 160px;\">Zempo kaiten: rodamiento frontal<\/p>\n<p class=\"p1\" style=\"padding-left: 160px;\">ryote, katate y mute, Practicar por la derecha (migi) y por la izquierda (hidari).<\/p>\n<p class=\"p1\" style=\"padding-left: 160px;\">Sokuho kaiten: rodamiento lateral<\/p>\n<p class=\"p1\" style=\"padding-left: 160px;\">Ryote, katate y mute, Practicar por la derecha (migi) y por la izquierda (hidari).<\/p>\n<p class=\"p1\" style=\"padding-left: 160px;\">Koho kaiten: rodamiento hacia atr\u00e1s<\/p>\n<p class=\"p1\" style=\"padding-left: 160px;\">Ryote, katate y mute, Practicar por la derecha (migi) y por la izquierda (hidari).<\/p>\n<p class=\"p1\" style=\"padding-left: 160px;\">Hicho kaiten: Con obst\u00e1culos<\/p>\n<p class=\"p1\" style=\"padding-left: 160px;\">Ryote, katate y mute, Practicar por la derecha (migi) y por la izquierda (hidari).<\/p>\n<p class=\"p1\" style=\"padding-left: 160px;\">3-UCHI NO B\u00d4: golpes con el bo<\/p>\n<p class=\"p1\" style=\"padding-left: 160px;\">Ashi barai: barriendo las piernas<\/p>\n<p class=\"p1\" style=\"padding-left: 160px;\">Tento uchi: golpe en lo alto de la cabeza (cielo)<\/p>\n<p class=\"p1\" style=\"padding-left: 160px;\">Age o hane uchi: golpe ascendente hacia la barbilla o para desarmar<\/p>\n<p class=\"p1\" style=\"padding-left: 160px;\">Kasumi uchi: golpe a la sien<\/p>\n<p class=\"p1\" style=\"padding-left: 160px;\">Do o yoko uchi: golpe a la zona media<\/p>\n<p class=\"p1\" style=\"padding-left: 160px;\">Kote uchi: golpe a la mu\u00f1eca<\/p>\n<p class=\"p1\" style=\"padding-left: 160px;\">Tsuki: golpe de punta<\/p>\n<p class=\"p1\" style=\"padding-left: 160px;\">Tonki uchi: golpe al empeine o dedos del pie<\/p>\n<p class=\"p1\" style=\"padding-left: 160px;\">4-KAMAES: posiciones<\/p>\n<p class=\"p1\" style=\"padding-left: 160px;\">Hira no kamae: jodan, chudan, gedan:<\/p>\n<p class=\"p1\" style=\"padding-left: 160px;\">Desde la posici\u00f3n Shizen no kamae mantener el bo paralelo al cuerpo y este relajado, seg\u00fan levantemos los brazos serian los tres niveles del kamae.<\/p>\n<p class=\"p1\" style=\"padding-left: 160px;\">Ichimonji no kamae:<\/p>\n<p class=\"p1\" style=\"padding-left: 160px;\">Desde la posici\u00f3n de los pies de ichimonji, dejar los brazos estirados hacia abajo y levantar ligeramente la punta del bo.<\/p>\n<p class=\"p1\" style=\"padding-left: 160px;\">Seigan no kamae:<\/p>\n<p class=\"p1\" style=\"padding-left: 160px;\">Partiendo desde la posici\u00f3n anterior de ichimonji colocar la mano derecha a la cintura y levantar ligeramente la punta del bo hacia la cara del adversario.<\/p>\n<p class=\"p1\" style=\"padding-left: 160px;\">Jodan no kamae:<\/p>\n<p class=\"p1\" style=\"padding-left: 160px;\">Partiendo desde la posici\u00f3n de ichimonji colocar la mano derecha a la altura de la frente con la punta del bo hacia abajo. La mano derecha debe de estar girada a la inversa, dedos hacia fuera.<\/p>\n<p class=\"p1\" style=\"padding-left: 160px;\">Chudan no kamae:<\/p>\n<p class=\"p1\" style=\"padding-left: 160px;\">Partiendo desde la posici\u00f3n de ichimonji colocar la mano derecha pegada a la axila y el bo colocado horizontalmente al cuerpo.<\/p>\n<p class=\"p1\" style=\"padding-left: 160px;\">Gedan no kamae:<\/p>\n<p class=\"p1\" style=\"padding-left: 160px;\">Partiendo desde la posici\u00f3n de ichimonji, lleva el bo hacia atr\u00e1s colocando la mano derecha pegada a la pierna derecha, al golpear se utiliza el giro de la cadera.<\/p>\n<p class=\"p1\" style=\"padding-left: 160px;\">Heito no kamae:<\/p>\n<p class=\"p1\" style=\"padding-left: 160px;\">Partiendo de la posici\u00f3n anterior se exagera colocando el bo m\u00e1s hacia atr\u00e1s, saliendo este por la parte izquierda de nuestro cuerpo. al golpear se utiliza el giro de la cadera.<\/p>\n<p class=\"p1\" style=\"padding-left: 160px;\">Tenchijin no kamae:<\/p>\n<p class=\"p1\" style=\"padding-left: 160px;\">Colocar los talones de los pies juntos, mirando el pie derecho hacia el lado derecho y el izquierdo mirando hacia el frente. El bo se agarra con la mano izquierda debajo de codo derecho y desde ah\u00ed hasta la mano derecha se apoya el bo, siendo agarrado con dicha mano.<\/p>\n<p class=\"p1\" style=\"padding-left: 160px;\">Ihen no kamae:<\/p>\n<p class=\"p1\" style=\"padding-left: 160px;\">Desde la posici\u00f3n de los pies de ichimonji, dejar los brazos estirados hacia fuera, separando el bo del cuerpo.<\/p>\n<p class=\"p1\" style=\"padding-left: 160px;\">5\u00ba KIHON GATA:<\/p>\n<p class=\"p1\" style=\"padding-left: 160px;\">Shiho b\u00f3 furi gata: giros en cuatro direcciones.<\/p>\n<p class=\"p1\" style=\"padding-left: 160px;\">Jodan ukemi: bloqueo alto<\/p>\n<p class=\"p1\" style=\"padding-left: 160px;\">Ashi harai:<\/p>\n<p class=\"p1\" style=\"padding-left: 160px;\">Uke y Tori frente a frente en Hira Ichimonji no kamae. Ambos dan un paso hacia delante con la pierna derecha y aplican Ashi Harai. La mano izquier\u00acda es liberada y aplica Ashi harai de nuevo sin mover la pierna adelantada y con el extremo de atr\u00e1s.<\/p>\n<p class=\"p1\" style=\"padding-left: 160px;\">Men uchi hara gata:<\/p>\n<p class=\"p1\" style=\"padding-left: 160px;\">Uke y tori en Ichimonji no kamae. Dando un paso hacia delante aplica Ashi Harai derecho, seguido de Kasumi Uchi (sin paso). Tira del b\u00f3 atr\u00e1s a Gedan no Kamae sobre el lado izquierdo, adelanta la pierna izquierda y ashi harai. La mano derecha libera el b\u00f3 y aplica Ashi Harai sin mover la pierna adelantada.<\/p>\n<p class=\"p1\" style=\"padding-left: 160px;\">Tsuki hane otoshi:<\/p>\n<p class=\"p1\" style=\"padding-left: 160px;\">Ambos en Seiza no Kamae. Uke hace Tsuki con el bo; tori, tambi\u00e9n, aplica Tsuki a lo alto de las manos de uke y entonces r\u00e1pidamente da un paso derecho hacia delante aplicando age uchi. Tori sin mover sus pies gira en sentido de las agujas del reloj, engancha el bo llevando a uke al suelo.<\/p>\n<p class=\"p1\" style=\"padding-left: 160px;\">4\u00ba REISIKI: teor\u00eda<\/p>\n<p class=\"p1\" style=\"padding-left: 160px;\">ESCUELA KUKISHIDEN RYU HAPPO HIKENJUTSU<\/p>\n<p class=\"p1\" style=\"padding-left: 160px;\">\n<p class=\"p1\" style=\"padding-left: 160px;\">\n<p class=\"p1\" style=\"padding-left: 160px;\">[\/et_pb_text][\/et_pb_column][\/et_pb_row][\/et_pb_section][et_pb_section fb_built=\u00bb1&#8243; fullwidth=\u00bbon\u00bb _builder_version=\u00bb4.14.3&#8243; _module_preset=\u00bbdefault\u00bb global_colors_info=\u00bb{}\u00bb theme_builder_area=\u00bbpost_content\u00bb][\/et_pb_section]<\/p>\n","protected":false},"excerpt":{"rendered":"<p>ROKUSHAKU-BO-JUTSU El Bo mide 6 pies o 1 metro y 80 cent\u00edmetros 1-UKEMIS: ca\u00eddas Zempo ukemi: ca\u00edda hacia delante ryote, katate. Practicar por la derecha (migi) y por la izquierda (hidari). Sokuho ukemi: ca\u00edda de lado katate y mute. Practicar por la derecha (migi) y por la izquierda (hidari). Koho ukemi : ca\u00edda hacia atr\u00e1s [&hellip;]<\/p>\n","protected":false},"author":2,"featured_media":0,"parent":0,"menu_order":0,"comment_status":"closed","ping_status":"closed","template":"","meta":{"_et_pb_use_builder":"on","_et_pb_old_content":"<!-- wp:file {\"id\":61,\"href\":\"https:\/\/bujinkanibiza.es\/wordpress\/wp-content\/uploads\/2021\/12\/2-kyu.doc\"} -->\n<div class=\"wp-block-file\"><a href=\"https:\/\/bujinkanibiza.es\/wordpress\/wp-content\/uploads\/2021\/12\/2-kyu.doc\">2-kyu<\/a><a href=\"https:\/\/bujinkanibiza.es\/wordpress\/wp-content\/uploads\/2021\/12\/2-kyu.doc\" class=\"wp-block-file__button\" download>Descarga<\/a><\/div>\n<!-- \/wp:file -->\n\n<!-- wp:paragraph -->\n<p>ROKUSHAKU-BO-JUTSU<\/p>\n<!-- \/wp:paragraph -->\n\n<!-- wp:paragraph -->\n<p>El Bo mide 6 pies o 1 metro y 80 cent\u00edmetros<\/p>\n<!-- \/wp:paragraph -->\n\n<!-- wp:paragraph -->\n<p>1-UKEMIS: ca\u00eddas<\/p>\n<!-- \/wp:paragraph -->\n\n<!-- wp:paragraph -->\n<p>Zempo ukemi: ca\u00edda hacia delante<\/p>\n<!-- \/wp:paragraph -->\n\n<!-- wp:paragraph -->\n<p>ryote, katate. Practicar por la derecha (migi) y por la izquierda (hidari).<\/p>\n<!-- \/wp:paragraph -->\n\n<!-- wp:paragraph -->\n<p>Sokuho ukemi: ca\u00edda de lado<\/p>\n<!-- \/wp:paragraph -->\n\n<!-- wp:paragraph -->\n<p>katate y mute. Practicar por la derecha (migi) y por la izquierda (hidari).<\/p>\n<!-- \/wp:paragraph -->\n\n<!-- wp:paragraph -->\n<p>Koho ukemi : ca\u00edda hacia atr\u00e1s&nbsp;<\/p>\n<!-- \/wp:paragraph -->\n\n<!-- wp:paragraph -->\n<p>ryote y mute. Practicar por la derecha (migi) y por la izquierda (hidari).<\/p>\n<!-- \/wp:paragraph -->\n\n<!-- wp:paragraph -->\n<p>2-KAITEN: rodamientos<\/p>\n<!-- \/wp:paragraph -->\n\n<!-- wp:paragraph -->\n<p>Zempo kaiten: rodamiento frontal<\/p>\n<!-- \/wp:paragraph -->\n\n<!-- wp:paragraph -->\n<p>ryote, katate y mute, Practicar por la derecha (migi) y por la izquierda (hidari).<\/p>\n<!-- \/wp:paragraph -->\n\n<!-- wp:paragraph -->\n<p>Sokuho kaiten: rodamiento lateral<\/p>\n<!-- \/wp:paragraph -->\n\n<!-- wp:paragraph -->\n<p>Ryote, katate y mute, Practicar por la derecha (migi) y por la izquierda (hidari).<\/p>\n<!-- \/wp:paragraph -->\n\n<!-- wp:paragraph -->\n<p>Koho kaiten: rodamiento hacia atr\u00e1s<\/p>\n<!-- \/wp:paragraph -->\n\n<!-- wp:paragraph -->\n<p>Ryote, katate y mute, Practicar por la derecha (migi) y por la izquierda (hidari).<\/p>\n<!-- \/wp:paragraph -->\n\n<!-- wp:paragraph -->\n<p>Hicho kaiten: Con obst\u00e1culos<\/p>\n<!-- \/wp:paragraph -->\n\n<!-- wp:paragraph -->\n<p>Ryote, katate y mute, Practicar por la derecha (migi) y por la izquierda (hidari).<\/p>\n<!-- \/wp:paragraph -->\n\n<!-- wp:paragraph -->\n<p>3-UCHI NO B\u00d4: golpes con el bo<\/p>\n<!-- \/wp:paragraph -->\n\n<!-- wp:paragraph -->\n<p>Ashi barai: barriendo las piernas<\/p>\n<!-- \/wp:paragraph -->\n\n<!-- wp:paragraph -->\n<p>Tento uchi: golpe en lo alto de la cabeza (cielo)<\/p>\n<!-- \/wp:paragraph -->\n\n<!-- wp:paragraph -->\n<p>Age o hane uchi: golpe ascendente hacia la barbilla o para desarmar<\/p>\n<!-- \/wp:paragraph -->\n\n<!-- wp:paragraph -->\n<p>Kasumi uchi: golpe a la sien<\/p>\n<!-- \/wp:paragraph -->\n\n<!-- wp:paragraph -->\n<p>Do o yoko uchi: golpe a la zona media<\/p>\n<!-- \/wp:paragraph -->\n\n<!-- wp:paragraph -->\n<p>Kote uchi: golpe a la mu\u00f1eca<\/p>\n<!-- \/wp:paragraph -->\n\n<!-- wp:paragraph -->\n<p>Tsuki: golpe de punta<\/p>\n<!-- \/wp:paragraph -->\n\n<!-- wp:paragraph -->\n<p>Tonki uchi: golpe al empeine o dedos del pie<\/p>\n<!-- \/wp:paragraph -->\n\n<!-- wp:paragraph -->\n<p>4-KAMAES: posiciones<\/p>\n<!-- \/wp:paragraph -->\n\n<!-- wp:paragraph -->\n<p>Hira no kamae: jodan, chudan, gedan:<\/p>\n<!-- \/wp:paragraph -->\n\n<!-- wp:paragraph -->\n<p>Desde la posici\u00f3n Shizen no kamae mantener el bo paralelo al cuerpo y este relajado, seg\u00fan levantemos los brazos serian los tres niveles del kamae.<\/p>\n<!-- \/wp:paragraph -->\n\n<!-- wp:paragraph -->\n<p>Ichimonji no kamae:<\/p>\n<!-- \/wp:paragraph -->\n\n<!-- wp:paragraph -->\n<p>Desde la posici\u00f3n de los pies de ichimonji, dejar los brazos estirados hacia abajo y levantar ligeramente la punta del bo.<\/p>\n<!-- \/wp:paragraph -->\n\n<!-- wp:paragraph -->\n<p>Seigan no kamae:<\/p>\n<!-- \/wp:paragraph -->\n\n<!-- wp:paragraph -->\n<p>Partiendo desde la posici\u00f3n anterior de ichimonji colocar la mano derecha a la cintura y levantar ligeramente la punta del bo hacia la cara del adversario.<\/p>\n<!-- \/wp:paragraph -->\n\n<!-- wp:paragraph -->\n<p>Jodan no kamae:<\/p>\n<!-- \/wp:paragraph -->\n\n<!-- wp:paragraph -->\n<p>Partiendo desde la posici\u00f3n de ichimonji colocar la mano derecha a la altura de la frente con la punta del bo hacia abajo. La mano derecha debe de estar girada a la inversa, dedos hacia fuera.&nbsp;<\/p>\n<!-- \/wp:paragraph -->\n\n<!-- wp:paragraph -->\n<p>Chudan no kamae:<\/p>\n<!-- \/wp:paragraph -->\n\n<!-- wp:paragraph -->\n<p>Partiendo desde la posici\u00f3n de ichimonji colocar la mano derecha pegada a la axila y el bo colocado horizontalmente al cuerpo.<\/p>\n<!-- \/wp:paragraph -->\n\n<!-- wp:paragraph -->\n<p>Gedan no kamae:<\/p>\n<!-- \/wp:paragraph -->\n\n<!-- wp:paragraph -->\n<p>Partiendo desde la posici\u00f3n de ichimonji, lleva el bo hacia atr\u00e1s colocando la mano derecha pegada a la pierna derecha, al golpear se utiliza el giro de la cadera.<\/p>\n<!-- \/wp:paragraph -->\n\n<!-- wp:paragraph -->\n<p>Heito no kamae:<\/p>\n<!-- \/wp:paragraph -->\n\n<!-- wp:paragraph -->\n<p>Partiendo de la posici\u00f3n anterior se exagera colocando el bo m\u00e1s hacia atr\u00e1s, saliendo este por la parte izquierda de nuestro cuerpo. al golpear se utiliza el giro de la cadera.<\/p>\n<!-- \/wp:paragraph -->\n\n<!-- wp:paragraph -->\n<p>Tenchijin no kamae:<\/p>\n<!-- \/wp:paragraph -->\n\n<!-- wp:paragraph -->\n<p>Colocar los talones de los pies juntos, mirando el pie derecho hacia el lado derecho y el izquierdo mirando hacia el frente. El bo se agarra con la mano izquierda debajo de codo derecho y desde ah\u00ed hasta la mano derecha se apoya el bo, siendo agarrado con dicha mano.<\/p>\n<!-- \/wp:paragraph -->\n\n<!-- wp:paragraph -->\n<p>Ihen no kamae:<\/p>\n<!-- \/wp:paragraph -->\n\n<!-- wp:paragraph -->\n<p>Desde la posici\u00f3n de los pies de ichimonji, dejar los brazos estirados hacia fuera, separando el bo del cuerpo.&nbsp;<\/p>\n<!-- \/wp:paragraph -->\n\n<!-- wp:paragraph -->\n<p>5\u00ba KIHON GATA:<\/p>\n<!-- \/wp:paragraph -->\n\n<!-- wp:paragraph -->\n<p>Shiho b\u00f3 furi gata: giros en cuatro direcciones.&nbsp;<\/p>\n<!-- \/wp:paragraph -->\n\n<!-- wp:paragraph -->\n<p>Jodan ukemi: bloqueo alto<\/p>\n<!-- \/wp:paragraph -->\n\n<!-- wp:paragraph -->\n<p>Ashi harai:&nbsp;<\/p>\n<!-- \/wp:paragraph -->\n\n<!-- wp:paragraph -->\n<p>Uke y Tori frente a frente en Hira Ichimonji no kamae. Ambos dan un paso hacia delante con la pierna derecha y aplican Ashi Harai. La mano izquier\u00acda es liberada y aplica Ashi harai de nuevo sin mover la pierna adelantada y con el extremo de atr\u00e1s.<\/p>\n<!-- \/wp:paragraph -->\n\n<!-- wp:paragraph -->\n<p>Men uchi hara gata:&nbsp;<\/p>\n<!-- \/wp:paragraph -->\n\n<!-- wp:paragraph -->\n<p>Uke y tori en Ichimonji no kamae. Dando un paso hacia delante aplica Ashi Harai derecho, seguido de Kasumi Uchi (sin paso). Tira del b\u00f3 atr\u00e1s a Gedan no Kamae sobre el lado izquierdo, adelanta la pierna izquierda y ashi harai. La mano derecha libera el b\u00f3 y aplica Ashi Harai sin mover la pierna adelantada.<\/p>\n<!-- \/wp:paragraph -->\n\n<!-- wp:paragraph -->\n<p>Tsuki hane otoshi:&nbsp;<\/p>\n<!-- \/wp:paragraph -->\n\n<!-- wp:paragraph -->\n<p>Ambos en Seiza no Kamae. Uke hace Tsuki con el bo; tori, tambi\u00e9n, aplica Tsuki a lo alto de las manos de uke y entonces r\u00e1pidamente da un paso derecho hacia delante aplicando age uchi. Tori sin mover sus pies gira en sentido de las agujas del reloj, engancha el bo llevando a uke al suelo.<\/p>\n<!-- \/wp:paragraph -->\n\n<!-- wp:paragraph -->\n<p>4\u00ba REISIKI: teor\u00eda<\/p>\n<!-- \/wp:paragraph -->\n\n<!-- wp:paragraph -->\n<p>ESCUELA KUKISHIDEN RYU HAPPO HIKENJUTSU<\/p>\n<!-- \/wp:paragraph -->","_et_gb_content_width":"","footnotes":""},"class_list":["post-60","page","type-page","status-publish","hentry"],"_links":{"self":[{"href":"https:\/\/bujinkanibiza.es\/index.php?rest_route=\/wp\/v2\/pages\/60","targetHints":{"allow":["GET"]}}],"collection":[{"href":"https:\/\/bujinkanibiza.es\/index.php?rest_route=\/wp\/v2\/pages"}],"about":[{"href":"https:\/\/bujinkanibiza.es\/index.php?rest_route=\/wp\/v2\/types\/page"}],"author":[{"embeddable":true,"href":"https:\/\/bujinkanibiza.es\/index.php?rest_route=\/wp\/v2\/users\/2"}],"replies":[{"embeddable":true,"href":"https:\/\/bujinkanibiza.es\/index.php?rest_route=%2Fwp%2Fv2%2Fcomments&post=60"}],"version-history":[{"count":4,"href":"https:\/\/bujinkanibiza.es\/index.php?rest_route=\/wp\/v2\/pages\/60\/revisions"}],"predecessor-version":[{"id":80,"href":"https:\/\/bujinkanibiza.es\/index.php?rest_route=\/wp\/v2\/pages\/60\/revisions\/80"}],"wp:attachment":[{"href":"https:\/\/bujinkanibiza.es\/index.php?rest_route=%2Fwp%2Fv2%2Fmedia&parent=60"}],"curies":[{"name":"wp","href":"https:\/\/api.w.org\/{rel}","templated":true}]}}