{"id":86,"date":"2021-12-23T21:34:55","date_gmt":"2021-12-23T21:34:55","guid":{"rendered":"https:\/\/bujinkanibiza.es\/wordpress\/?page_id=86"},"modified":"2021-12-24T09:11:30","modified_gmt":"2021-12-24T09:11:30","slug":"4o-kyu-yon-kiu-cinturon-verde-azul","status":"publish","type":"page","link":"https:\/\/bujinkanibiza.es\/?page_id=86","title":{"rendered":"4\u00ba KYU (YON KYU) CINTURON VERDE\/AZUL"},"content":{"rendered":"<p>[et_pb_section fb_built=\u00bb1&#8243; fullwidth=\u00bbon\u00bb _builder_version=\u00bb4.14.3&#8243; background_color=\u00bb#871800&#8243; use_background_color_gradient=\u00bbon\u00bb background_color_gradient_start=\u00bb#e02b20&#8243; background_color_gradient_end=\u00bb#e09900&#8243; background_color_gradient_direction=\u00bb330deg\u00bb global_colors_info=\u00bb{}\u00bb theme_builder_area=\u00bbpost_content\u00bb][et_pb_fullwidth_header title=\u00bb4\u00ba KYU (YON KYU) CINTURON VERDE\/AZUL\u00bb text_orientation=\u00bbcenter\u00bb _builder_version=\u00bb4.14.3&#8243; title_font=\u00bb||||||||\u00bb background_color=\u00bb#895200&#8243; hover_enabled=\u00bb0&#8243; global_colors_info=\u00bb{}\u00bb button_one_text_size__hover_enabled=\u00bboff\u00bb button_two_text_size__hover_enabled=\u00bboff\u00bb button_one_text_color__hover_enabled=\u00bboff\u00bb button_two_text_color__hover_enabled=\u00bboff\u00bb button_one_border_width__hover_enabled=\u00bboff\u00bb button_two_border_width__hover_enabled=\u00bboff\u00bb button_one_border_color__hover_enabled=\u00bboff\u00bb button_two_border_color__hover_enabled=\u00bboff\u00bb button_one_border_radius__hover_enabled=\u00bboff\u00bb button_two_border_radius__hover_enabled=\u00bboff\u00bb button_one_letter_spacing__hover_enabled=\u00bboff\u00bb button_two_letter_spacing__hover_enabled=\u00bboff\u00bb button_one_bg_color__hover_enabled=\u00bboff\u00bb button_two_bg_color__hover_enabled=\u00bboff\u00bb theme_builder_area=\u00bbpost_content\u00bb use_background_color_gradient=\u00bbon\u00bb background_color_gradient_start=\u00bb#7cda24&#8243; background_color_gradient_end=\u00bb#0c71c3&#8243; sticky_enabled=\u00bb0&#8243;][\/et_pb_fullwidth_header][\/et_pb_section][et_pb_section fb_built=\u00bb1&#8243; _builder_version=\u00bb3.22&#8243; custom_margin=\u00bb-38px|||||\u00bb global_colors_info=\u00bb{}\u00bb theme_builder_area=\u00bbpost_content\u00bb][et_pb_row _builder_version=\u00bb4.14.3&#8243; _module_preset=\u00bbdefault\u00bb global_colors_info=\u00bb{}\u00bb theme_builder_area=\u00bbpost_content\u00bb][et_pb_column type=\u00bb4_4&#8243; _builder_version=\u00bb4.14.3&#8243; _module_preset=\u00bbdefault\u00bb global_colors_info=\u00bb{}\u00bb theme_builder_area=\u00bbpost_content\u00bb][et_pb_text _builder_version=\u00bb4.14.3&#8243; _module_preset=\u00bbdefault\u00bb hover_enabled=\u00bb0&#8243; box_shadow_style=\u00bbpreset1&#8243; global_colors_info=\u00bb{}\u00bb theme_builder_area=\u00bbpost_content\u00bb sticky_enabled=\u00bb0&#8243;]<\/p>\n<p class=\"p1\" style=\"padding-left: 120px;\">\n<p class=\"p1\" style=\"padding-left: 120px;\">\n<p class=\"p1\" style=\"padding-left: 120px;\">\n<p class=\"p1\" style=\"padding-left: 120px;\"><span style=\"text-decoration: underline;\"><strong>1\u00ba GYAKU WAZA:<\/strong><\/span> t\u00e9cnicas de luxaci\u00f3n<\/p>\n<p class=\"p2\" style=\"padding-left: 120px;\">\n<p class=\"p1\" style=\"padding-left: 120px;\">Omote take ori: Rompiendo el bamb\u00fa (agarrando el dorso de la mano)<\/p>\n<p class=\"p1\" style=\"padding-left: 120px;\">Desde kumi kata. Desliza la pierna derecha atr\u00e1s en diagonal, al mismo tiempo agarra el dorso de la mano izquierda del adversario con tu mano derecha (junto con el desequilibrio), giras las caderas y en un movimiento ascendente empujas desde el dorso de la mano hacia delante, arriba y luxa la mu\u00f1eca izquierda, suelta su agarre y subes su mu\u00f1eca presionando sobre este punto. Mant\u00e9n la luxaci\u00f3n arriba, adelanta la pierna derecha por delante del adversario y golpea con el codo hacia arriba en las costillas izquierdas del adversario llev\u00e1ndolo al suelo.<\/p>\n<p class=\"p1\" style=\"padding-left: 120px;\">Practicar por la derecha y por la izquierda.<\/p>\n<p class=\"p2\" style=\"padding-left: 120px;\">\n<p class=\"p1\" style=\"padding-left: 120px;\">Ura take ori: Rompiendo el bamb\u00fa (agarrando el dorso de la mano)<\/p>\n<p class=\"p1\" style=\"padding-left: 120px;\">Desde kumi kata. Desliza tu pierna derecha atr\u00e1s en diagonal, al mismo tiempo agarra el interior de la mu\u00f1eca izquierda del adversario (zona radial), giras las caderas y en un movimiento ascendente empujas la mano hacia delante, arriba y luxa la mu\u00f1eca izquierda, suelta su agarre y subes su mu\u00f1eca presionando sobre este punto. Mant\u00e9n la luxaci\u00f3n arriba, adelanta la pierna derecha por delante del adversario y golpea con el codo lateralmente en las costillas (lado izquierdo), llevando al adversario al suelo.<\/p>\n<p class=\"p2\" style=\"padding-left: 120px;\">\n<p class=\"p1\" style=\"padding-left: 120px;\">Practicar por la derecha y por la izquierda.<\/p>\n<p class=\"p2\" style=\"padding-left: 120px;\">\n<p class=\"p1\" style=\"padding-left: 120px;\">Daigyaku: Luxaci\u00f3n\/agarrando el hombro<\/p>\n<p class=\"p1\" style=\"padding-left: 120px;\">Desde kumi kata. Desliza tu pierna derecha atr\u00e1s en diagonal para crear un desequilibrio, entra tu brazo derecho por debajo del brazo izquierdo del oponente y presiona sobre la articulaci\u00f3n del hombro en direcci\u00f3n descendente. Puedes usar una o dos manos.<\/p>\n<p class=\"p2\" style=\"padding-left: 120px;\">\n<p class=\"p1\" style=\"padding-left: 120px;\">Practicar por la derecha y por la izquierda.<\/p>\n<p class=\"p2\" style=\"padding-left: 120px;\">\n<p class=\"p1\" style=\"padding-left: 120px;\">Daigyaku Kakae Dori:<\/p>\n<p class=\"p1\" style=\"padding-left: 120px;\">La misma t\u00e9cnicas que la anterior pero agarrando los dos hombros.<\/p>\n<p class=\"p2\" style=\"padding-left: 120px;\">\n<p class=\"p1\" style=\"padding-left: 120px;\">\u00d3 gyaku: Gran luxaci\u00f3n.<\/p>\n<p class=\"p1\" style=\"padding-left: 120px;\">Desde kumi kata. Mueve tu pierna izquierda hacia atr\u00e1s en diagonal, desequilibrando al adversario. Al mismo tiempo tu mano izquierda agarra por debajo la mano derecha del adversario, agarras con tu mano derecha el hombro del adversario (trapecio), giras su mu\u00f1eca derecha hacia arriba y hacia fuera para luxarla. Desde ah\u00ed realizas sanshin keri derecho al est\u00f3mago o a los genitales y directamente tirando del hombro, llevas la misma pierna que golpeas atr\u00e1s sobre la rodilla, llevando al adversario al suelo, boca abajo.<\/p>\n<p class=\"p1\" style=\"padding-left: 120px;\">Practicar por la derecha y por la izquierda.<\/p>\n<p class=\"p2\" style=\"padding-left: 120px;\">\n<p class=\"p2\" style=\"padding-left: 120px;\">\n<p class=\"p2\" style=\"padding-left: 120px;\">\n<p class=\"p2\" style=\"padding-left: 120px;\">\n<p class=\"p2\" style=\"padding-left: 120px;\">\n<p class=\"p1\" style=\"padding-left: 120px;\">2\u00ba NAGE WAZA: t\u00e9cnicas de proyecci\u00f3n<\/p>\n<p class=\"p2\" style=\"padding-left: 120px;\">\n<p class=\"p1\" style=\"padding-left: 120px;\">Gyaku nage: Proyecci\u00f3n con luxaci\u00f3n.<\/p>\n<p class=\"p1\" style=\"padding-left: 120px;\">Desde agarre de solapa izquierda, chequeas el agarre de la solapa con tu mano derecha por dentro. Seguidamente giras el cuerpo hacia la derecha entrando con la pierna y tu brazo izquierdo en un movimiento ascendente, coloca tu hombro sobre su codo, desde ah\u00ed presiona su brazo hacia abajo, la mano del adversario debe de estar hacia arriba. Luxas su brazo y proyectas al adversario al suelo por el hombro.<\/p>\n<p class=\"p1\" style=\"padding-left: 120px;\">Practicar por la derecha y por la izquierda.<\/p>\n<p class=\"p2\" style=\"padding-left: 120px;\">\n<p class=\"p1\" style=\"padding-left: 120px;\">Kubi nage: Proyecci\u00f3n por el cuello.<\/p>\n<p class=\"p1\" style=\"padding-left: 120px;\">Desde Kumi kata, adelanta ligeramente la pierna derecha y gira tu cuerpo colocando la espalda contra \u00e9l, sube el brazo y enrolla su cuello desde atr\u00e1s hacia delante (por detr\u00e1s de su cabeza), gira tu cadera baja en subari gata y proyecta al adversario al suelo.<\/p>\n<p class=\"p1\" style=\"padding-left: 120px;\">Practicar por la derecha y por la izquierda.<\/p>\n<p class=\"p2\" style=\"padding-left: 120px;\">\n<p class=\"p1\" style=\"padding-left: 120px;\">Hane age: Salta arriba<\/p>\n<p class=\"p1\" style=\"padding-left: 120px;\">Desde Kumi kata, mueve tu pierna derecha hacia delante para colocarte de espaldas a \u00e9l, con mi pierna derecha a su pierna izquierda desequilibrio al adversario usando la rodilla o la pierna para elevarlo hacia arriba. Desde ah\u00ed giro mi cuerpo hacia la izquierda para proyectarlo al suelo. Podemos aprovechar la circunstancia para golpear.<\/p>\n<p class=\"p1\" style=\"padding-left: 120px;\">Practicar por la derecha y por la izquierda.<\/p>\n<p class=\"p2\" style=\"padding-left: 120px;\">\n<p class=\"p1\" style=\"padding-left: 120px;\">Sabarai otoshi o gyakubarai:<\/p>\n<p class=\"p1\" style=\"padding-left: 120px;\">Realizamos harai goshi, pero no levantamos suficiente al adversario, entonces bajamos o dejamos caer la rodilla derecha al suelo para proyectar al adversario al suelo.<\/p>\n<p class=\"p1\" style=\"padding-left: 120px;\">Practicar por la derecha y por la izquierda.<\/p>\n<p class=\"p2\" style=\"padding-left: 120px;\">\n<p class=\"p1\" style=\"padding-left: 120px;\">Ryu Sui Iki: moverse o fluir como el agua<\/p>\n<p class=\"p2\" style=\"padding-left: 120px;\">\n<p class=\"p1\" style=\"padding-left: 120px;\">Tomoe nage:<\/p>\n<p class=\"p1\" style=\"padding-left: 120px;\">Desde kumi kata, Desliza la pierna derecha hacia adelante y seguidamente en un paso m\u00e1s corto el pie izquierdo. Te dejas caer hacia atr\u00e1s y colocas el pie derecho sobre el est\u00f3mago del adversario, pate\u00e1ndole y desde ah\u00ed proyectas al adversario tirando de tus brazos hacia atr\u00e1s.<\/p>\n<p class=\"p1\" style=\"padding-left: 120px;\">Practicar por la derecha y por la izquierda.<\/p>\n<p class=\"p2\" style=\"padding-left: 120px;\">\n<p class=\"p1\" style=\"padding-left: 120px;\">Tachi nage:<\/p>\n<p class=\"p1\" style=\"padding-left: 120px;\">Desde kumi kata. Deslizas tu cuerpo (las dos piernas juntas) por debajo de las piernas del adversario, tirando de \u00e9l hacia ti, para que caiga boca abajo. La idea es NO dejar que el adversario ruede. Coloca tus codos para protegerte la cara de la ca\u00edda del adversario pudiendo con estos abrir sus piernas o golpear sus test\u00edculos.<\/p>\n<p class=\"p2\" style=\"padding-left: 120px;\">\n<p class=\"p1\" style=\"padding-left: 120px;\">Yoko nagare:<\/p>\n<p class=\"p1\" style=\"padding-left: 120px;\">Desde kumi kata., desliza tu pierna izquierda por delante de la derecha y te dejas caer lateralmente girando tu cuerpo hacia la izquierda, proyecta al adversario por encima de tu cuerpo.<\/p>\n<p class=\"p1\" style=\"padding-left: 120px;\">Practicar por la derecha y por la izquierda.<\/p>\n<p class=\"p2\" style=\"padding-left: 120px;\">\n<p class=\"p1\" style=\"padding-left: 120px;\">Te makura:<\/p>\n<p class=\"p1\" style=\"padding-left: 120px;\">Desde kumi kata. Desliza la pierna izquierda atr\u00e1s en diagonal para desequilibrar al adversario, introduce tu brazo derecho (desde dentro hacia fuera) para presionar sobre su codo hacia el interior (pegando el brazo a tu cuerpo), pateas o chequeas con tu pierna derecha sobre la pierna derecha del mismo y te dejas caer sobre tu espalda, al caer al suelo controla su brazo con la luxaci\u00f3n del codo. Es importante que tu mano izquierda est\u00e9 por dentro de su brazo para que no te pueda agarrar.<\/p>\n<p class=\"p1\" style=\"padding-left: 120px;\">Practicar por la derecha y por la izquierda.<\/p>\n<p class=\"p2\" style=\"padding-left: 120px;\">\n<p class=\"p1\" style=\"padding-left: 120px;\">Kuruma: Rueda.<\/p>\n<p class=\"p1\" style=\"padding-left: 120px;\">Partiendo de una proyecci\u00f3n en la cual ruedas con el adversario, quedando sobre \u00e9ste para aplicar cualquier t\u00e9cnica o control finalmente.<\/p>\n<p class=\"p2\" style=\"padding-left: 120px;\">\n<p class=\"p1\" style=\"padding-left: 120px;\">3\u00ba SHIME WAZA: t\u00e9cnicas de estrangulaci\u00f3n<\/p>\n<p class=\"p2\" style=\"padding-left: 120px;\">\n<p class=\"p1\" style=\"padding-left: 120px;\">Katate Dori Kubi Jime: estrangulaci\u00f3n con una mano<\/p>\n<p class=\"p1\" style=\"padding-left: 120px;\">Cuando el adversario realiza un ataque de pu\u00f1o bloqueamos con un jodan uke nagashi izquierdo, entramos en su distancia con la pierna derecha para agarrar la tr\u00e1quea con la mano, presion\u00e1ndola para llevar al adversario al suelo.<\/p>\n<p class=\"p1\" style=\"padding-left: 120px;\">Practicar por la derecha y por la izquierda.<\/p>\n<p class=\"p2\" style=\"padding-left: 120px;\">\n<p class=\"p1\" style=\"padding-left: 120px;\">Kubi ura jime:<\/p>\n<p class=\"p1\" style=\"padding-left: 120px;\">Cuando el adversario realiza un ataque de pu\u00f1o bloqueamos con un jodan uke nagashi izquierdo, entramos con la pierna derecha en su distancia para introducir el dedo medio (anular) en el hueco de su garganta, presiono hacia dentro y hacia abajo para llevar al adversario al suelo.<\/p>\n<p class=\"p1\" style=\"padding-left: 120px;\">Practicar por la derecha y por la izquierda.<\/p>\n<p class=\"p2\" style=\"padding-left: 120px;\">\n<p class=\"p1\" style=\"padding-left: 120px;\">Mimi jime:<\/p>\n<p class=\"p1\" style=\"padding-left: 120px;\">Cuando el adversario realiza agarre de solapa ryote estrangulamos las orejas, presionando por debajo de las mismas (l\u00f3bulo) con los dedos pulgares para llevarle al suelo. Si el adversario intenta irse se agarra el cuello o la chaqueta con los dedos para evitarlo y presionar a\u00fan m\u00e1s.<\/p>\n<p class=\"p1\" style=\"padding-left: 120px;\">Practicar por la derecha y por la izquierda.<\/p>\n<p class=\"p2\" style=\"padding-left: 120px;\">\n<p class=\"p1\" style=\"padding-left: 120px;\">Do Jime: Estrangulaci\u00f3n de la zona media del cuerpo frontalmente.<\/p>\n<p class=\"p1\" style=\"padding-left: 120px;\">Cuando el adversario realiza un ataque de pu\u00f1o bloqueamos con un jodan uke nagashi. Saltas arriba, enganchando tus piernas en la zona media del cuerpo del adversario. Presiona con las rodillas sobre los laterales del cuerpo (costillas) del mismo. Intenta llevar al adversario al suelo y sigue estrangulando en esta nueva posici\u00f3n.<\/p>\n<p class=\"p1\" style=\"padding-left: 120px;\">Practicar por la derecha y por la izquierda.<\/p>\n<p class=\"p2\" style=\"padding-left: 120px;\">\n<p class=\"p1\" style=\"padding-left: 120px;\">Do jime kubi shime:<\/p>\n<p class=\"p1\" style=\"padding-left: 120px;\">Igual que el anterior pero ahora estrangulamos tambi\u00e9n con los brazos por el cuello sankaku jime (doble estrangulaci\u00f3n).<\/p>\n<p class=\"p1\" style=\"padding-left: 120px;\">Practicar por la derecha y por la izquierda.<\/p>\n<p class=\"p2\" style=\"padding-left: 120px;\">\n<p class=\"p1\" style=\"padding-left: 120px;\">Waki jime: Estrangulaci\u00f3n de la zona media del cuerpo lateralmente.<\/p>\n<p class=\"p1\" style=\"padding-left: 120px;\">Cuando el adversario realiza un ataque de pu\u00f1o bloqueamos con un jodan uke nagashi derecho por fuera, entramos en su distancia con la pierna derecha, colocando tu cabeza por detr\u00e1s de su cuerpo para presionar con las dos manos con un koppo ken a las costillas del adversario lateralmente.<\/p>\n<p class=\"p1\" style=\"padding-left: 120px;\">Practicar por la derecha y por la izquierda.<\/p>\n<p class=\"p2\" style=\"padding-left: 120px;\">\n<p class=\"p1\" style=\"padding-left: 120px;\">Henten dori ashi jime: estrangulaci\u00f3n utilizando la pierna<\/p>\n<p class=\"p1\" style=\"padding-left: 120px;\">Cuando el adversario ha ca\u00eddo al suelo, nos colocamos de cualquier forma en que podamos enredar con nuestra pierna su cuello, aplicando una estrangulaci\u00f3n al mismo.<\/p>\n<p class=\"p1\" style=\"padding-left: 120px;\">Practicar por la derecha y por la izquierda.<\/p>\n<p class=\"p2\" style=\"padding-left: 120px;\">\n<p class=\"p1\" style=\"padding-left: 120px;\">REISIKI: teor\u00eda<\/p>\n<p class=\"p2\" style=\"padding-left: 120px;\">\n<p class=\"p1\" style=\"padding-left: 280px;\">ESCUELA TAKAGI Y\u00d4SHIN RY\u00db J\u00dbTAIJUTSU<\/p>\n<p>[\/et_pb_text][\/et_pb_column][\/et_pb_row][\/et_pb_section][et_pb_section fb_built=\u00bb1&#8243; fullwidth=\u00bbon\u00bb _builder_version=\u00bb4.14.3&#8243; _module_preset=\u00bbdefault\u00bb global_colors_info=\u00bb{}\u00bb theme_builder_area=\u00bbpost_content\u00bb][\/et_pb_section]<\/p>\n","protected":false},"excerpt":{"rendered":"<p>1\u00ba GYAKU WAZA: t\u00e9cnicas de luxaci\u00f3n Omote take ori: Rompiendo el bamb\u00fa (agarrando el dorso de la mano) Desde kumi kata. Desliza la pierna derecha atr\u00e1s en diagonal, al mismo tiempo agarra el dorso de la mano izquierda del adversario con tu mano derecha (junto con el desequilibrio), giras las caderas y en un movimiento [&hellip;]<\/p>\n","protected":false},"author":2,"featured_media":0,"parent":0,"menu_order":0,"comment_status":"closed","ping_status":"closed","template":"","meta":{"_et_pb_use_builder":"on","_et_pb_old_content":"","_et_gb_content_width":"","footnotes":""},"class_list":["post-86","page","type-page","status-publish","hentry"],"_links":{"self":[{"href":"https:\/\/bujinkanibiza.es\/index.php?rest_route=\/wp\/v2\/pages\/86","targetHints":{"allow":["GET"]}}],"collection":[{"href":"https:\/\/bujinkanibiza.es\/index.php?rest_route=\/wp\/v2\/pages"}],"about":[{"href":"https:\/\/bujinkanibiza.es\/index.php?rest_route=\/wp\/v2\/types\/page"}],"author":[{"embeddable":true,"href":"https:\/\/bujinkanibiza.es\/index.php?rest_route=\/wp\/v2\/users\/2"}],"replies":[{"embeddable":true,"href":"https:\/\/bujinkanibiza.es\/index.php?rest_route=%2Fwp%2Fv2%2Fcomments&post=86"}],"version-history":[{"count":3,"href":"https:\/\/bujinkanibiza.es\/index.php?rest_route=\/wp\/v2\/pages\/86\/revisions"}],"predecessor-version":[{"id":127,"href":"https:\/\/bujinkanibiza.es\/index.php?rest_route=\/wp\/v2\/pages\/86\/revisions\/127"}],"wp:attachment":[{"href":"https:\/\/bujinkanibiza.es\/index.php?rest_route=%2Fwp%2Fv2%2Fmedia&parent=86"}],"curies":[{"name":"wp","href":"https:\/\/api.w.org\/{rel}","templated":true}]}}